{"id":4500,"date":"2023-08-21T11:49:48","date_gmt":"2023-08-21T16:49:48","guid":{"rendered":"http:\/\/52.252.107.62\/dirfiqtweb2023\/?page_id=4500"},"modified":"2025-09-10T09:24:03","modified_gmt":"2025-09-10T14:24:03","slug":"lab-n-23-y-23-a","status":"publish","type":"page","link":"https:\/\/www.fiqt.uni.edu.pe\/index.php\/lab-n-23-y-23-a\/","title":{"rendered":"Lab N.\u00b0 23 y 23 A"},"content":{"rendered":"\t\t<div data-elementor-type=\"wp-post\" data-elementor-id=\"4500\" class=\"elementor elementor-4500\" data-elementor-post-type=\"page\">\n\t\t\t\t\t\t<section class=\"elementor-section elementor-top-section elementor-element elementor-element-8c39fce elementor-section-content-middle elementor-section-boxed elementor-section-height-default elementor-section-height-default\" data-id=\"8c39fce\" data-element_type=\"section\" data-settings=\"{&quot;background_background&quot;:&quot;classic&quot;}\">\n\t\t\t\t\t\t\t<div class=\"elementor-background-overlay\"><\/div>\n\t\t\t\t\t\t\t<div class=\"elementor-container elementor-column-gap-no\">\n\t\t\t\t\t<div class=\"elementor-column elementor-col-100 elementor-top-column elementor-element elementor-element-b1952b1\" data-id=\"b1952b1\" data-element_type=\"column\">\n\t\t\t<div class=\"elementor-widget-wrap elementor-element-populated\">\n\t\t\t\t\t\t<div class=\"elementor-element elementor-element-03b93f0 elementor-widget elementor-widget-heading\" data-id=\"03b93f0\" data-element_type=\"widget\" data-widget_type=\"heading.default\">\n\t\t\t\t<div class=\"elementor-widget-container\">\n\t\t\t\t\t<h1 class=\"elementor-heading-title elementor-size-default\">LAB N.\u00b0 23 y 23 A<\/h1>\t\t\t\t<\/div>\n\t\t\t\t<\/div>\n\t\t\t\t\t<\/div>\n\t\t<\/div>\n\t\t\t\t\t<\/div>\n\t\t<\/section>\n\t\t\t\t<section class=\"elementor-section elementor-top-section elementor-element elementor-element-d28c655 elementor-section-full_width elementor-section-height-default elementor-section-height-default\" data-id=\"d28c655\" data-element_type=\"section\" data-settings=\"{&quot;background_background&quot;:&quot;classic&quot;}\">\n\t\t\t\t\t\t<div class=\"elementor-container elementor-column-gap-default\">\n\t\t\t\t\t<div class=\"elementor-column elementor-col-100 elementor-top-column elementor-element elementor-element-997bde8\" data-id=\"997bde8\" data-element_type=\"column\">\n\t\t\t<div class=\"elementor-widget-wrap elementor-element-populated\">\n\t\t\t\t\t\t<section class=\"elementor-section elementor-inner-section elementor-element elementor-element-83b3443 elementor-section-full_width elementor-section-content-middle elementor-section-height-default elementor-section-height-default\" data-id=\"83b3443\" data-element_type=\"section\">\n\t\t\t\t\t\t<div class=\"elementor-container elementor-column-gap-no\">\n\t\t\t\t\t<div class=\"elementor-column elementor-col-50 elementor-inner-column elementor-element elementor-element-fe6e6ed\" data-id=\"fe6e6ed\" data-element_type=\"column\" data-settings=\"{&quot;background_background&quot;:&quot;classic&quot;}\">\n\t\t\t<div class=\"elementor-widget-wrap elementor-element-populated\">\n\t\t\t\t\t\t<div class=\"elementor-element elementor-element-2a5a40c elementor-widget-divider--view-line elementor-widget elementor-widget-divider\" data-id=\"2a5a40c\" data-element_type=\"widget\" data-widget_type=\"divider.default\">\n\t\t\t\t<div class=\"elementor-widget-container\">\n\t\t\t\t\t\t\t<div class=\"elementor-divider\">\n\t\t\t<span class=\"elementor-divider-separator\">\n\t\t\t\t\t\t<\/span>\n\t\t<\/div>\n\t\t\t\t\t\t<\/div>\n\t\t\t\t<\/div>\n\t\t\t\t<div class=\"elementor-element elementor-element-ef5188a elementor-widget elementor-widget-image-box\" data-id=\"ef5188a\" data-element_type=\"widget\" data-widget_type=\"image-box.default\">\n\t\t\t\t<div class=\"elementor-widget-container\">\n\t\t\t\t\t<div class=\"elementor-image-box-wrapper\"><div class=\"elementor-image-box-content\"><h2 class=\"elementor-image-box-title\">SERVICIOS EXTERNOS A LA UNI<\/h2><p class=\"elementor-image-box-description\">El Laboratorio N.\u00ba 23 \u2013 N.\u00ba 23A en su af\u00e1n de apoyar el desarrollo cient\u00edfico y tecnol\u00f3gico, abre\nlas puertas de sus instalaciones para brindar los siguientes servicios:<\/p><\/div><\/div>\t\t\t\t<\/div>\n\t\t\t\t<\/div>\n\t\t\t\t<div class=\"elementor-element elementor-element-307ef89 elementor-widget elementor-widget-text-editor\" data-id=\"307ef89\" data-element_type=\"widget\" data-widget_type=\"text-editor.default\">\n\t\t\t\t<div class=\"elementor-widget-container\">\n\t\t\t\t\t\t\t\t\t<ul><li>Realizaci\u00f3n de pruebas experimentales a nivel piloto referido a:<br \/>&#8211; Formulaci\u00f3n de Productos (fertilizantes, resinas, etc.).<br \/>&#8211; Extracci\u00f3n de colorantes naturales<br \/>&#8211; Obtenci\u00f3n de aceites esenciales, alcohol y otros.<br \/>&#8211; Separaci\u00f3n de mezclas.<br \/>&#8211; Tratamiento de efluentes.<\/li><li>Servicios en el Campo de la Corrosi\u00f3n:<br \/>&#8211; Asesor\u00eda en diagn\u00f3stico del problema de corrosi\u00f3n y<br \/>&#8211; su remedio.<br \/>&#8211; Asesor\u00eda en m\u00e9todos de protecci\u00f3n anticorrosiva.<br \/>&#8211; Estudio de estimaci\u00f3n de vida \u00fatil de los materiales.<br \/>&#8211; Ensayos en el concreto reforzado.<br \/>&#8211; Ensayos en Pinturas.<br \/>&#8211; Otros Ensayos.<\/li><li>\u00a0Concentraci\u00f3n de minerales met\u00e1licos y no met\u00e1licos.<\/li><\/ul>\t\t\t\t\t\t\t\t<\/div>\n\t\t\t\t<\/div>\n\t\t\t\t\t<\/div>\n\t\t<\/div>\n\t\t\t\t<div class=\"elementor-column elementor-col-50 elementor-inner-column elementor-element elementor-element-7b5ea60\" data-id=\"7b5ea60\" data-element_type=\"column\" data-settings=\"{&quot;background_background&quot;:&quot;slideshow&quot;,&quot;background_slideshow_gallery&quot;:[{&quot;id&quot;:6997,&quot;url&quot;:&quot;https:\\\/\\\/www.fiqt.uni.edu.pe\\\/wp-content\\\/uploads\\\/2024\\\/11\\\/IMG_1726.jpeg&quot;},{&quot;id&quot;:7000,&quot;url&quot;:&quot;https:\\\/\\\/www.fiqt.uni.edu.pe\\\/wp-content\\\/uploads\\\/2024\\\/11\\\/IMG_1718.jpeg&quot;},{&quot;id&quot;:7171,&quot;url&quot;:&quot;https:\\\/\\\/www.fiqt.uni.edu.pe\\\/wp-content\\\/uploads\\\/2025\\\/09\\\/WhatsApp-Image-2025-09-09-at-7.39.51-PM-1.jpeg&quot;}],&quot;background_slideshow_loop&quot;:&quot;yes&quot;,&quot;background_slideshow_slide_duration&quot;:5000,&quot;background_slideshow_slide_transition&quot;:&quot;fade&quot;,&quot;background_slideshow_transition_duration&quot;:500}\">\n\t\t\t<div class=\"elementor-widget-wrap elementor-element-populated\">\n\t\t\t\t\t<div class=\"elementor-background-overlay\"><\/div>\n\t\t\t\t\t\t<div class=\"elementor-element elementor-element-c23e57f elementor-hidden-desktop elementor-widget elementor-widget-image\" data-id=\"c23e57f\" data-element_type=\"widget\" data-widget_type=\"image.default\">\n\t\t\t\t<div class=\"elementor-widget-container\">\n\t\t\t\t\t\t\t\t\t\t\t\t\t\t\t<img fetchpriority=\"high\" decoding=\"async\" width=\"1024\" height=\"768\" src=\"https:\/\/www.fiqt.uni.edu.pe\/wp-content\/uploads\/2025\/09\/WhatsApp-Image-2025-09-09-at-7.39.51-PM-1-1024x768.jpeg\" class=\"attachment-large size-large wp-image-7171\" alt=\"\" srcset=\"https:\/\/www.fiqt.uni.edu.pe\/wp-content\/uploads\/2025\/09\/WhatsApp-Image-2025-09-09-at-7.39.51-PM-1-1024x768.jpeg 1024w, https:\/\/www.fiqt.uni.edu.pe\/wp-content\/uploads\/2025\/09\/WhatsApp-Image-2025-09-09-at-7.39.51-PM-1-300x225.jpeg 300w, https:\/\/www.fiqt.uni.edu.pe\/wp-content\/uploads\/2025\/09\/WhatsApp-Image-2025-09-09-at-7.39.51-PM-1-768x576.jpeg 768w, https:\/\/www.fiqt.uni.edu.pe\/wp-content\/uploads\/2025\/09\/WhatsApp-Image-2025-09-09-at-7.39.51-PM-1-1536x1152.jpeg 1536w, https:\/\/www.fiqt.uni.edu.pe\/wp-content\/uploads\/2025\/09\/WhatsApp-Image-2025-09-09-at-7.39.51-PM-1.jpeg 1600w\" sizes=\"(max-width: 1024px) 100vw, 1024px\" \/>\t\t\t\t\t\t\t\t\t\t\t\t\t\t\t<\/div>\n\t\t\t\t<\/div>\n\t\t\t\t\t<\/div>\n\t\t<\/div>\n\t\t\t\t\t<\/div>\n\t\t<\/section>\n\t\t\t\t\t<\/div>\n\t\t<\/div>\n\t\t\t\t\t<\/div>\n\t\t<\/section>\n\t\t\t\t<section class=\"elementor-section elementor-top-section elementor-element elementor-element-3a9b7e0 elementor-section-boxed elementor-section-height-default elementor-section-height-default\" data-id=\"3a9b7e0\" data-element_type=\"section\" data-settings=\"{&quot;background_background&quot;:&quot;classic&quot;}\">\n\t\t\t\t\t\t<div class=\"elementor-container elementor-column-gap-default\">\n\t\t\t\t\t<div class=\"elementor-column elementor-col-100 elementor-top-column elementor-element elementor-element-a053cfd\" data-id=\"a053cfd\" data-element_type=\"column\">\n\t\t\t<div class=\"elementor-widget-wrap elementor-element-populated\">\n\t\t\t\t\t\t<div class=\"elementor-element elementor-element-54b77e1 elementor-widget elementor-widget-eael-adv-tabs\" data-id=\"54b77e1\" data-element_type=\"widget\" data-widget_type=\"eael-adv-tabs.default\">\n\t\t\t\t<div class=\"elementor-widget-container\">\n\t\t\t\t\t        <div data-scroll-on-click=\"no\" data-scroll-speed=\"300\" id=\"eael-advance-tabs-54b77e1\" class=\"eael-advance-tabs eael-tabs-horizontal eael-tab-auto-active \" data-tabid=\"54b77e1\">\n            <div class=\"eael-tabs-nav \">\n                <ul class=\"eael-tab-inline-icon\" role=\"tablist\">\n                                            <li id=\"misin\" class=\"inactive eael-tab-item-trigger eael-tab-nav-item\" aria-selected=\"true\" data-tab=\"1\" role=\"tab\" tabindex=\"0\" aria-controls=\"misin-tab\" aria-expanded=\"false\">\n                            \n                                                        \n                                                            <span class=\"eael-tab-title title-after-icon\" >Misi\u00f3n<\/span>                            \n                                                    <\/li>\n                                            <li id=\"visin\" class=\"inactive eael-tab-item-trigger eael-tab-nav-item\" aria-selected=\"false\" data-tab=\"2\" role=\"tab\" tabindex=\"-1\" aria-controls=\"visin-tab\" aria-expanded=\"false\">\n                            \n                                                        \n                                                            <span class=\"eael-tab-title title-after-icon\" >Visi\u00f3n<\/span>                            \n                                                    <\/li>\n                    \n                                  <\/ul>\n            <\/div>\n            \n            <div class=\"eael-tabs-content\">\n\t\t        \n                    <div id=\"misin-tab\" class=\"clearfix eael-tab-content-item inactive\" data-title-link=\"misin-tab\">\n\t\t\t\t        <p>Estos laboratorios tienen por misi\u00f3n apoyar la formaci\u00f3n acad\u00e9mica y profesional de excelencia de los alumnos de Ingenier\u00eda Qu\u00edmica, capacit\u00e1ndolos en el dominio de los procesos y operaciones relacionadas con la especialidad.<\/p><p>Se brindan adem\u00e1s servicios a la mediana, peque\u00f1a y microempresa, as\u00ed como tambi\u00e9n a colegios, institutos y universidades en la investigaci\u00f3n, innovaci\u00f3n, capacitaci\u00f3n, asesor\u00eda y la divulgaci\u00f3n cient\u00edfica y tecnol\u00f3gica de los procesos qu\u00edmicos industriales.<\/p>                    <\/div>\n\t\t        \n                    <div id=\"visin-tab\" class=\"clearfix eael-tab-content-item inactive\" data-title-link=\"visin-tab\">\n\t\t\t\t        <p>Constituirnos como uno de los mejores laboratorios de Ingenier\u00eda de Procesos a nivel internacional y dar calidad de servicio acorde con los avances tecnol\u00f3gicos, generando infraestructura para el desarrollo de nuevas tecnolog\u00edas y el servicio directo a la gran, mediana y peque\u00f1a industria.<\/p>                    <\/div>\n\t\t                    <\/div>\n        <\/div>\n\t\t\t\t<\/div>\n\t\t\t\t<\/div>\n\t\t\t\t<div class=\"elementor-element elementor-element-c5768f1 elementor-widget-divider--view-line elementor-widget elementor-widget-divider\" data-id=\"c5768f1\" data-element_type=\"widget\" data-widget_type=\"divider.default\">\n\t\t\t\t<div class=\"elementor-widget-container\">\n\t\t\t\t\t\t\t<div class=\"elementor-divider\">\n\t\t\t<span class=\"elementor-divider-separator\">\n\t\t\t\t\t\t<\/span>\n\t\t<\/div>\n\t\t\t\t\t\t<\/div>\n\t\t\t\t<\/div>\n\t\t\t\t<div class=\"elementor-element elementor-element-0cba6da elementor-widget elementor-widget-image-box\" data-id=\"0cba6da\" data-element_type=\"widget\" data-widget_type=\"image-box.default\">\n\t\t\t\t<div class=\"elementor-widget-container\">\n\t\t\t\t\t<div class=\"elementor-image-box-wrapper\"><div class=\"elementor-image-box-content\"><h2 class=\"elementor-image-box-title\">SERVICIOS QUE SE BRINDAN AL DEPARTAMENTO ACAD\u00c9MICO DE INGENIER\u00cdA QU\u00cdMICA DE LA FIQT<\/h2><p class=\"elementor-image-box-description\">Estos servicios tambi\u00e9n se brindan a otras Facultades de la UNI y otras instituciones educativas (Universidades, Institutos, etc.)<\/p><\/div><\/div>\t\t\t\t<\/div>\n\t\t\t\t<\/div>\n\t\t\t\t<div class=\"elementor-element elementor-element-c996a76 elementor-widget elementor-widget-text-editor\" data-id=\"c996a76\" data-element_type=\"widget\" data-widget_type=\"text-editor.default\">\n\t\t\t\t<div class=\"elementor-widget-container\">\n\t\t\t\t\t\t\t\t\t<ol><li>Pr\u00e1cticas LOU I<\/li><\/ol><ul><li>Agitaci\u00f3n<\/li><li>Banco de bombas<\/li><li>Filtraci\u00f3n<\/li><li>P\u00e9rdida de carga<\/li><li>Evaporaci\u00f3n<\/li><li>Intercambio de calor<\/li><\/ul><ol start=\"2\"><li>Pr\u00e1cticas LOU II<\/li><\/ol><ul><li>Desorci\u00f3n gaseosa<\/li><li>Extracci\u00f3n l\u00edquido-l\u00edquido<\/li><li>Secado por atomizaci\u00f3n<\/li><li>Destilaci\u00f3n continua<\/li><li>Extracci\u00f3n s\u00f3lido-l\u00edquido<\/li><li>Torre de Enfriamiento<\/li><\/ul><ol start=\"3\"><li>Pr\u00e1cticas de Transferencia de Masa II<\/li><\/ol><ul><li>Absorci\u00f3n con reacci\u00f3n qu\u00edmica<\/li><li>Adsorci\u00f3n<\/li><li>Deshumidificaci\u00f3n<\/li><li>\u00d3smosis inversa<\/li><\/ul><ol start=\"4\"><li>Pr\u00e1cticas Operaciones en Ingenier\u00eda Qu\u00edmica<\/li><\/ol><ul><li>Trituraci\u00f3n<\/li><li>Molienda<\/li><li>An\u00e1lisis granulom\u00e9trico<\/li><li>Flotaci\u00f3n de minerales<\/li><\/ul><ol start=\"5\"><li>Pr\u00e1cticas Corrosi\u00f3n I<\/li><\/ol><ul><li>\u201cSerie Galv\u00e1nica\u201d y \u201cReacciones y Celdas Electroqu\u00edmicas\u201d<\/li><li>\u201cDiagrama de Evans\u201d e \u201cInfluencia del potencial en un sistema acero inoxidable en medio \u00e1cido\u201d<\/li><li>\u201cDiagrama de Evans\u201d e \u201cInfluencia del potencial en un sistema acero inoxidable en medio \u00e1cido\u201d<\/li><li>\u201cM\u00e9todo gravim\u00e9trico y electroqu\u00edmico para medir velocidad de corrosi\u00f3n\u201d y \u201cEnsayo de c\u00e1mara de niebla salina\u201d<\/li><li>\u201cProtecci\u00f3n cat\u00f3dica por corriente impresa y medici\u00f3n de resistividad de suelos\u201d y \u201cProtecci\u00f3n cat\u00f3dica por \u00e1nodo de sacrificio y Sistemas de Pinturas\u201d<\/li><li>\u201cFormas de corrosi\u00f3n\u201d<\/li><\/ul>\t\t\t\t\t\t\t\t<\/div>\n\t\t\t\t<\/div>\n\t\t\t\t\t<\/div>\n\t\t<\/div>\n\t\t\t\t\t<\/div>\n\t\t<\/section>\n\t\t\t\t<section class=\"elementor-section elementor-top-section elementor-element elementor-element-d0ca6fa elementor-section-boxed elementor-section-height-default elementor-section-height-default\" data-id=\"d0ca6fa\" data-element_type=\"section\" data-settings=\"{&quot;background_background&quot;:&quot;classic&quot;}\">\n\t\t\t\t\t\t\t<div class=\"elementor-background-overlay\"><\/div>\n\t\t\t\t\t\t\t<div class=\"elementor-container elementor-column-gap-no\">\n\t\t\t\t\t<div class=\"elementor-column elementor-col-100 elementor-top-column elementor-element elementor-element-a5fd6c9\" data-id=\"a5fd6c9\" data-element_type=\"column\" data-settings=\"{&quot;background_background&quot;:&quot;classic&quot;}\">\n\t\t\t<div class=\"elementor-widget-wrap elementor-element-populated\">\n\t\t\t\t\t\t<div class=\"elementor-element elementor-element-a1cc422 elementor-widget-divider--view-line elementor-widget elementor-widget-divider\" data-id=\"a1cc422\" data-element_type=\"widget\" data-widget_type=\"divider.default\">\n\t\t\t\t<div class=\"elementor-widget-container\">\n\t\t\t\t\t\t\t<div class=\"elementor-divider\">\n\t\t\t<span class=\"elementor-divider-separator\">\n\t\t\t\t\t\t<\/span>\n\t\t<\/div>\n\t\t\t\t\t\t<\/div>\n\t\t\t\t<\/div>\n\t\t\t\t<div class=\"elementor-element elementor-element-83c0952 elementor-widget elementor-widget-heading\" data-id=\"83c0952\" data-element_type=\"widget\" data-widget_type=\"heading.default\">\n\t\t\t\t<div class=\"elementor-widget-container\">\n\t\t\t\t\t<h2 class=\"elementor-heading-title elementor-size-default\">Galer\u00eda de Fotos<\/h2>\t\t\t\t<\/div>\n\t\t\t\t<\/div>\n\t\t\t\t\t<\/div>\n\t\t<\/div>\n\t\t\t\t\t<\/div>\n\t\t<\/section>\n\t\t\t\t<section class=\"elementor-section elementor-top-section elementor-element elementor-element-4133aab elementor-section-boxed elementor-section-height-default elementor-section-height-default\" data-id=\"4133aab\" data-element_type=\"section\">\n\t\t\t\t\t\t<div class=\"elementor-container elementor-column-gap-default\">\n\t\t\t\t\t<div class=\"elementor-column elementor-col-100 elementor-top-column elementor-element elementor-element-bb48969\" data-id=\"bb48969\" data-element_type=\"column\">\n\t\t\t<div class=\"elementor-widget-wrap elementor-element-populated\">\n\t\t\t\t\t\t<div class=\"elementor-element elementor-element-87aec5c elementor-widget elementor-widget-shortcode\" data-id=\"87aec5c\" data-element_type=\"widget\" data-widget_type=\"shortcode.default\">\n\t\t\t\t<div class=\"elementor-widget-container\">\n\t\t\t\t\t\t\t<div class=\"elementor-shortcode\"><\/div>\n\t\t\t\t\t\t<\/div>\n\t\t\t\t<\/div>\n\t\t\t\t\t<\/div>\n\t\t<\/div>\n\t\t\t\t\t<\/div>\n\t\t<\/section>\n\t\t\t\t<\/div>\n\t\t","protected":false},"excerpt":{"rendered":"<p>LAB N.\u00b0 23 y 23 A SERVICIOS EXTERNOS A LA UNI El Laboratorio N.\u00ba 23 \u2013 N.\u00ba 23A en su af\u00e1n de apoyar el desarrollo cient\u00edfico y tecnol\u00f3gico, abre las puertas de sus instalaciones para brindar los siguientes servicios: Realizaci\u00f3n de pruebas experimentales a nivel piloto referido a:&#8211; Formulaci\u00f3n de Productos (fertilizantes, resinas, etc.).&#8211; Extracci\u00f3n [&hellip;]<\/p>\n","protected":false},"author":1,"featured_media":0,"parent":0,"menu_order":0,"comment_status":"closed","ping_status":"closed","template":"","meta":{"site-sidebar-layout":"no-sidebar","site-content-layout":"page-builder","ast-site-content-layout":"full-width-container","site-content-style":"unboxed","site-sidebar-style":"unboxed","ast-global-header-display":"","ast-banner-title-visibility":"","ast-main-header-display":"","ast-hfb-above-header-display":"","ast-hfb-below-header-display":"","ast-hfb-mobile-header-display":"","site-post-title":"disabled","ast-breadcrumbs-content":"","ast-featured-img":"disabled","footer-sml-layout":"","theme-transparent-header-meta":"enabled","adv-header-id-meta":"","stick-header-meta":"","header-above-stick-meta":"","header-main-stick-meta":"","header-below-stick-meta":"","astra-migrate-meta-layouts":"set","ast-page-background-enabled":"default","ast-page-background-meta":{"desktop":{"background-color":"","background-image":"","background-repeat":"repeat","background-position":"center center","background-size":"auto","background-attachment":"scroll","background-type":"","background-media":"","overlay-type":"","overlay-color":"","overlay-opacity":"","overlay-gradient":""},"tablet":{"background-color":"","background-image":"","background-repeat":"repeat","background-position":"center center","background-size":"auto","background-attachment":"scroll","background-type":"","background-media":"","overlay-type":"","overlay-color":"","overlay-opacity":"","overlay-gradient":""},"mobile":{"background-color":"","background-image":"","background-repeat":"repeat","background-position":"center center","background-size":"auto","background-attachment":"scroll","background-type":"","background-media":"","overlay-type":"","overlay-color":"","overlay-opacity":"","overlay-gradient":""}},"ast-content-background-meta":{"desktop":{"background-color":"var(--ast-global-color-5)","background-image":"","background-repeat":"repeat","background-position":"center center","background-size":"auto","background-attachment":"scroll","background-type":"","background-media":"","overlay-type":"","overlay-color":"","overlay-opacity":"","overlay-gradient":""},"tablet":{"background-color":"var(--ast-global-color-5)","background-image":"","background-repeat":"repeat","background-position":"center center","background-size":"auto","background-attachment":"scroll","background-type":"","background-media":"","overlay-type":"","overlay-color":"","overlay-opacity":"","overlay-gradient":""},"mobile":{"background-color":"var(--ast-global-color-5)","background-image":"","background-repeat":"repeat","background-position":"center center","background-size":"auto","background-attachment":"scroll","background-type":"","background-media":"","overlay-type":"","overlay-color":"","overlay-opacity":"","overlay-gradient":""}},"footnotes":""},"class_list":["post-4500","page","type-page","status-publish","hentry"],"rttpg_featured_image_url":null,"rttpg_author":{"display_name":"wpadminfiqt","author_link":"https:\/\/www.fiqt.uni.edu.pe\/index.php\/author\/wpadminfiqt\/"},"rttpg_comment":0,"rttpg_category":null,"rttpg_excerpt":"LAB N.\u00b0 23 y 23 A SERVICIOS EXTERNOS A LA UNI El Laboratorio N.\u00ba 23 \u2013 N.\u00ba 23A en su af\u00e1n de apoyar el desarrollo cient\u00edfico y tecnol\u00f3gico, abre las puertas de sus instalaciones para brindar los siguientes servicios: Realizaci\u00f3n de pruebas experimentales a nivel piloto referido a:&#8211; Formulaci\u00f3n de Productos (fertilizantes, resinas, etc.).&#8211; Extracci\u00f3n&hellip;","_links":{"self":[{"href":"https:\/\/www.fiqt.uni.edu.pe\/index.php\/wp-json\/wp\/v2\/pages\/4500","targetHints":{"allow":["GET"]}}],"collection":[{"href":"https:\/\/www.fiqt.uni.edu.pe\/index.php\/wp-json\/wp\/v2\/pages"}],"about":[{"href":"https:\/\/www.fiqt.uni.edu.pe\/index.php\/wp-json\/wp\/v2\/types\/page"}],"author":[{"embeddable":true,"href":"https:\/\/www.fiqt.uni.edu.pe\/index.php\/wp-json\/wp\/v2\/users\/1"}],"replies":[{"embeddable":true,"href":"https:\/\/www.fiqt.uni.edu.pe\/index.php\/wp-json\/wp\/v2\/comments?post=4500"}],"version-history":[{"count":34,"href":"https:\/\/www.fiqt.uni.edu.pe\/index.php\/wp-json\/wp\/v2\/pages\/4500\/revisions"}],"predecessor-version":[{"id":7174,"href":"https:\/\/www.fiqt.uni.edu.pe\/index.php\/wp-json\/wp\/v2\/pages\/4500\/revisions\/7174"}],"wp:attachment":[{"href":"https:\/\/www.fiqt.uni.edu.pe\/index.php\/wp-json\/wp\/v2\/media?parent=4500"}],"curies":[{"name":"wp","href":"https:\/\/api.w.org\/{rel}","templated":true}]}}