{"id":4522,"date":"2023-08-21T12:08:56","date_gmt":"2023-08-21T17:08:56","guid":{"rendered":"http:\/\/52.252.107.62\/dirfiqtweb2023\/?page_id=4522"},"modified":"2023-08-24T00:19:33","modified_gmt":"2023-08-24T05:19:33","slug":"maestria-en-gestion-de-empresas-textiles","status":"publish","type":"page","link":"https:\/\/www.fiqt.uni.edu.pe\/index.php\/maestria-en-gestion-de-empresas-textiles\/","title":{"rendered":"Maestr\u00eda en Gesti\u00f3n de Empresas Textiles"},"content":{"rendered":"\t\t<div data-elementor-type=\"wp-post\" data-elementor-id=\"4522\" class=\"elementor elementor-4522\" data-elementor-post-type=\"page\">\n\t\t\t\t\t\t<section class=\"elementor-section elementor-top-section elementor-element elementor-element-8c39fce elementor-section-content-middle elementor-section-boxed elementor-section-height-default elementor-section-height-default\" data-id=\"8c39fce\" data-element_type=\"section\" data-settings=\"{&quot;background_background&quot;:&quot;classic&quot;}\">\n\t\t\t\t\t\t\t<div class=\"elementor-background-overlay\"><\/div>\n\t\t\t\t\t\t\t<div class=\"elementor-container elementor-column-gap-no\">\n\t\t\t\t\t<div class=\"elementor-column elementor-col-100 elementor-top-column elementor-element elementor-element-b1952b1\" data-id=\"b1952b1\" data-element_type=\"column\">\n\t\t\t<div class=\"elementor-widget-wrap elementor-element-populated\">\n\t\t\t\t\t\t<div class=\"elementor-element elementor-element-03b93f0 elementor-widget elementor-widget-heading\" data-id=\"03b93f0\" data-element_type=\"widget\" data-widget_type=\"heading.default\">\n\t\t\t\t<div class=\"elementor-widget-container\">\n\t\t\t\t\t<h1 class=\"elementor-heading-title elementor-size-default\">Maestr\u00eda en Ciencia en Ingenier\u00eda Textil con menci\u00f3n en Gesti\u00f3n de Empresas Textiles <\/h1>\t\t\t\t<\/div>\n\t\t\t\t<\/div>\n\t\t\t\t\t<\/div>\n\t\t<\/div>\n\t\t\t\t\t<\/div>\n\t\t<\/section>\n\t\t\t\t<section class=\"elementor-section elementor-top-section elementor-element elementor-element-d28c655 elementor-section-full_width elementor-section-height-default elementor-section-height-default\" data-id=\"d28c655\" data-element_type=\"section\" data-settings=\"{&quot;background_background&quot;:&quot;classic&quot;}\">\n\t\t\t\t\t\t<div class=\"elementor-container elementor-column-gap-default\">\n\t\t\t\t\t<div class=\"elementor-column elementor-col-100 elementor-top-column elementor-element elementor-element-997bde8\" data-id=\"997bde8\" data-element_type=\"column\">\n\t\t\t<div class=\"elementor-widget-wrap elementor-element-populated\">\n\t\t\t\t\t\t<section class=\"elementor-section elementor-inner-section elementor-element elementor-element-83b3443 elementor-section-full_width elementor-section-content-middle elementor-section-height-default elementor-section-height-default\" data-id=\"83b3443\" data-element_type=\"section\">\n\t\t\t\t\t\t<div class=\"elementor-container elementor-column-gap-no\">\n\t\t\t\t\t<div class=\"elementor-column elementor-col-50 elementor-inner-column elementor-element elementor-element-fe6e6ed\" data-id=\"fe6e6ed\" data-element_type=\"column\" data-settings=\"{&quot;background_background&quot;:&quot;classic&quot;}\">\n\t\t\t<div class=\"elementor-widget-wrap elementor-element-populated\">\n\t\t\t\t\t\t<div class=\"elementor-element elementor-element-2a5a40c elementor-widget-divider--view-line elementor-widget elementor-widget-divider\" data-id=\"2a5a40c\" data-element_type=\"widget\" data-widget_type=\"divider.default\">\n\t\t\t\t<div class=\"elementor-widget-container\">\n\t\t\t\t\t\t\t<div class=\"elementor-divider\">\n\t\t\t<span class=\"elementor-divider-separator\">\n\t\t\t\t\t\t<\/span>\n\t\t<\/div>\n\t\t\t\t\t\t<\/div>\n\t\t\t\t<\/div>\n\t\t\t\t<div class=\"elementor-element elementor-element-ef5188a elementor-widget elementor-widget-image-box\" data-id=\"ef5188a\" data-element_type=\"widget\" data-widget_type=\"image-box.default\">\n\t\t\t\t<div class=\"elementor-widget-container\">\n\t\t\t\t\t<div class=\"elementor-image-box-wrapper\"><div class=\"elementor-image-box-content\"><h2 class=\"elementor-image-box-title\">Maestr\u00eda en Ciencia en Ingenier\u00eda Textil con menci\u00f3n en Gesti\u00f3n de Empresas Textiles <\/h2><\/div><\/div>\t\t\t\t<\/div>\n\t\t\t\t<\/div>\n\t\t\t\t\t<\/div>\n\t\t<\/div>\n\t\t\t\t<div class=\"elementor-column elementor-col-50 elementor-inner-column elementor-element elementor-element-7b5ea60\" data-id=\"7b5ea60\" data-element_type=\"column\" data-settings=\"{&quot;background_background&quot;:&quot;classic&quot;}\">\n\t\t\t<div class=\"elementor-widget-wrap elementor-element-populated\">\n\t\t\t\t\t<div class=\"elementor-background-overlay\"><\/div>\n\t\t\t\t\t\t<div class=\"elementor-element elementor-element-8e644e6 elementor-hidden-desktop elementor-widget elementor-widget-image\" data-id=\"8e644e6\" data-element_type=\"widget\" data-widget_type=\"image.default\">\n\t\t\t\t<div class=\"elementor-widget-container\">\n\t\t\t\t\t\t\t\t\t\t\t\t\t\t\t<img fetchpriority=\"high\" decoding=\"async\" width=\"1024\" height=\"1024\" src=\"https:\/\/www.fiqt.uni.edu.pe\/wp-content\/uploads\/2023\/08\/Maestria-1024x1024.jpg\" class=\"attachment-large size-large wp-image-4525\" alt=\"\" srcset=\"https:\/\/www.fiqt.uni.edu.pe\/wp-content\/uploads\/2023\/08\/Maestria-1024x1024.jpg 1024w, https:\/\/www.fiqt.uni.edu.pe\/wp-content\/uploads\/2023\/08\/Maestria-300x300.jpg 300w, https:\/\/www.fiqt.uni.edu.pe\/wp-content\/uploads\/2023\/08\/Maestria-150x150.jpg 150w, https:\/\/www.fiqt.uni.edu.pe\/wp-content\/uploads\/2023\/08\/Maestria-768x768.jpg 768w, https:\/\/www.fiqt.uni.edu.pe\/wp-content\/uploads\/2023\/08\/Maestria.jpg 1536w\" sizes=\"(max-width: 1024px) 100vw, 1024px\" \/>\t\t\t\t\t\t\t\t\t\t\t\t\t\t\t<\/div>\n\t\t\t\t<\/div>\n\t\t\t\t\t<\/div>\n\t\t<\/div>\n\t\t\t\t\t<\/div>\n\t\t<\/section>\n\t\t\t\t\t<\/div>\n\t\t<\/div>\n\t\t\t\t\t<\/div>\n\t\t<\/section>\n\t\t\t\t<section class=\"elementor-section elementor-top-section elementor-element elementor-element-3a9b7e0 elementor-section-boxed elementor-section-height-default elementor-section-height-default\" data-id=\"3a9b7e0\" data-element_type=\"section\" data-settings=\"{&quot;background_background&quot;:&quot;classic&quot;}\">\n\t\t\t\t\t\t<div class=\"elementor-container elementor-column-gap-default\">\n\t\t\t\t\t<div class=\"elementor-column elementor-col-100 elementor-top-column elementor-element elementor-element-a053cfd\" data-id=\"a053cfd\" data-element_type=\"column\">\n\t\t\t<div class=\"elementor-widget-wrap elementor-element-populated\">\n\t\t\t\t\t\t<div class=\"elementor-element elementor-element-c5768f1 elementor-widget-divider--view-line elementor-widget elementor-widget-divider\" data-id=\"c5768f1\" data-element_type=\"widget\" data-widget_type=\"divider.default\">\n\t\t\t\t<div class=\"elementor-widget-container\">\n\t\t\t\t\t\t\t<div class=\"elementor-divider\">\n\t\t\t<span class=\"elementor-divider-separator\">\n\t\t\t\t\t\t<\/span>\n\t\t<\/div>\n\t\t\t\t\t\t<\/div>\n\t\t\t\t<\/div>\n\t\t\t\t<div class=\"elementor-element elementor-element-607729f elementor-widget elementor-widget-eael-adv-tabs\" data-id=\"607729f\" data-element_type=\"widget\" data-widget_type=\"eael-adv-tabs.default\">\n\t\t\t\t<div class=\"elementor-widget-container\">\n\t\t\t\t\t        <div data-scroll-on-click=\"no\" data-scroll-speed=\"300\" id=\"eael-advance-tabs-607729f\" class=\"eael-advance-tabs eael-tabs-horizontal eael-tab-auto-active \" data-tabid=\"607729f\">\n            <div class=\"eael-tabs-nav \">\n                <ul class=\"eael-tab-inline-icon\" role=\"tablist\">\n                                            <li id=\"objetivos\" class=\"inactive eael-tab-item-trigger eael-tab-nav-item\" aria-selected=\"true\" data-tab=\"1\" role=\"tab\" tabindex=\"0\" aria-controls=\"objetivos-tab\" aria-expanded=\"false\">\n                            \n                                                        \n                                                            <span class=\"eael-tab-title title-after-icon\" >Objetivos<\/span>                            \n                                                    <\/li>\n                                            <li id=\"perfil-del-maestro-en-ingeniera-textil\" class=\"inactive eael-tab-item-trigger eael-tab-nav-item\" aria-selected=\"false\" data-tab=\"2\" role=\"tab\" tabindex=\"-1\" aria-controls=\"perfil-del-maestro-en-ingeniera-textil-tab\" aria-expanded=\"false\">\n                            \n                                                        \n                                                            <span class=\"eael-tab-title title-after-icon\" >Perfil del Maestro en Ingenier\u00eda Textil<\/span>                            \n                                                    <\/li>\n                    \n                                  <\/ul>\n            <\/div>\n            \n            <div class=\"eael-tabs-content\">\n\t\t        \n                    <div id=\"objetivos-tab\" class=\"clearfix eael-tab-content-item inactive\" data-title-link=\"objetivos-tab\">\n\t\t\t\t        <p>El Programa de Maestr\u00eda en Ingenier\u00eda Tectil, tiene como objetivo formar y capacitar docentes universitarios y profesionales en aspectos cient\u00edficos y tecnol\u00f3gicos avanzados del campo de la Ingenier\u00eda qu\u00edmica de modo que puedan desarrollar proyectos de investigaci\u00f3n aplicada y propiciar el desarrollo de la Ingenier\u00eda Textil peruana.<\/p>                    <\/div>\n\t\t        \n                    <div id=\"perfil-del-maestro-en-ingeniera-textil-tab\" class=\"clearfix eael-tab-content-item inactive\" data-title-link=\"perfil-del-maestro-en-ingeniera-textil-tab\">\n\t\t\t\t        <ul><li>El Maestro en Ingenier\u00eda de Textil con mencion en Gesti\u00f3n de Empresas Textiles es un profesional capaz de seleccionar, evaluar, adquirir, asimilar tecnolog\u00edas, tambi\u00e9n es capaz de desarrollar tecnolog\u00edas apropiadas.<\/li><li>El Maestro en Ingenier\u00eda Textil contribuye al aumento de las ventajas competitivas de la empresa en que desarrolle sus actividades profesionales. Se desempe\u00f1a en industrias de procesos en el \u00c1rea de producci\u00f3n (operaciones, planeamiento, desarrollo, administraci\u00f3n).<\/li><\/ul>                    <\/div>\n\t\t                    <\/div>\n        <\/div>\n\t\t\t\t<\/div>\n\t\t\t\t<\/div>\n\t\t\t\t<div class=\"elementor-element elementor-element-fdebe04 elementor-widget-divider--view-line elementor-widget elementor-widget-divider\" data-id=\"fdebe04\" data-element_type=\"widget\" data-widget_type=\"divider.default\">\n\t\t\t\t<div class=\"elementor-widget-container\">\n\t\t\t\t\t\t\t<div class=\"elementor-divider\">\n\t\t\t<span class=\"elementor-divider-separator\">\n\t\t\t\t\t\t<\/span>\n\t\t<\/div>\n\t\t\t\t\t\t<\/div>\n\t\t\t\t<\/div>\n\t\t\t\t<div class=\"elementor-element elementor-element-bd4a44f elementor-widget elementor-widget-heading\" data-id=\"bd4a44f\" data-element_type=\"widget\" data-widget_type=\"heading.default\">\n\t\t\t\t<div class=\"elementor-widget-container\">\n\t\t\t\t\t<h2 class=\"elementor-heading-title elementor-size-default\">Plan de Estudios<\/h2>\t\t\t\t<\/div>\n\t\t\t\t<\/div>\n\t\t\t\t<div class=\"elementor-element elementor-element-6a95e37 eael-table-align-center eael-dt-th-align-left elementor-widget elementor-widget-eael-data-table\" data-id=\"6a95e37\" data-element_type=\"widget\" data-widget_type=\"eael-data-table.default\">\n\t\t\t\t<div class=\"elementor-widget-container\">\n\t\t\t\t\t\t\t<div class=\"eael-data-table-wrap\" data-table_id=\"6a95e37\" id=\"eael-data-table-wrapper-6a95e37\" data-custom_responsive=\"false\">\n\t\t\t<table class=\"tablesorter eael-data-table center\" id=\"eael-data-table-6a95e37\">\n\t\t\t    <thead>\n\t\t\t        <tr class=\"table-header\">\n\t\t\t\t\t\t\t\t\t            <th class=\"\" id=\"\" colspan=\"\">\n\t\t\t\t\t\t\t\t\t\t\t\t\t\t<span class=\"data-table-header-text\">Documento<\/span><\/th>\n\t\t\t        \t\t\t\t            <th class=\"\" id=\"\" colspan=\"\">\n\t\t\t\t\t\t\t\t\t\t\t\t\t\t<span class=\"data-table-header-text\">Descarga<\/span><\/th>\n\t\t\t        \t\t\t\t        <\/tr>\n\t\t\t    <\/thead>\n\t\t\t  \t<tbody>\n\t\t\t\t\t\t\t\t\t\t\t<tr>\n\t\t\t\t\t\t\t\t\t\t\t\t\t\t\t\t   \t\t\t\t\t\t\t\t\t\t\t<td colspan=\"\" rowspan=\"\" class=\"\" id=\"\">\n\t\t\t\t\t\t\t\t\t\t\t\t<div class=\"td-content-wrapper\"><div class=\"td-content\">\n\t\t\t\t\t\t\t\t\t\t\t\t\tPlan Curricular Maestr\u00eda en Ciencias en Ingenier\u00eda Textil\t\t\t\t\t\t\t\t\t\t\t\t<\/div><\/div>\n\t\t\t\t\t\t\t\t\t\t\t<\/td>\n\t\t\t\t\t\t\t\t\t\t\t\t\t\t\t\t\t\t\t\t\t\t\t\t\t\t\t\t\t   \t\t\t\t\t\t\t\t\t\t\t<td colspan=\"\" rowspan=\"\" class=\"\" id=\"\">\n\t\t\t\t\t\t\t\t\t\t\t\t<div class=\"td-content-wrapper\">\n\t\t\t\t\t\t\t\t\t\t\t\t\t<a href=\"https:\/\/drive.google.com\/file\/d\/1Amx3uYtXSsy_-aWIgHjzEoqGxI3UhIJf\/view?usp=drive_link\">Bajar PDF<\/a>\n\t\t\t\t\t\t\t\t\t\t\t\t<\/div>\n\t\t\t\t\t\t\t\t\t\t\t<\/td>\n\n\t\t\t\t\t\t\t\t\t\t\t\t\t\t\t\t\t\t\t\t\t\t\t\t\t\t<\/tr>\n\t\t\t        \t\t\t    <\/tbody>\n\t\t\t<\/table>\n\t\t<\/div>\n\t  \t\t\t\t\t<\/div>\n\t\t\t\t<\/div>\n\t\t\t\t\t<\/div>\n\t\t<\/div>\n\t\t\t\t\t<\/div>\n\t\t<\/section>\n\t\t\t\t<\/div>\n\t\t","protected":false},"excerpt":{"rendered":"<p>Maestr\u00eda en Ciencia en Ingenier\u00eda Textil con menci\u00f3n en Gesti\u00f3n de Empresas Textiles Maestr\u00eda en Ciencia en Ingenier\u00eda Textil con menci\u00f3n en Gesti\u00f3n de Empresas Textiles Objetivos Perfil del Maestro en Ingenier\u00eda Textil El Programa de Maestr\u00eda en Ingenier\u00eda Tectil, tiene como objetivo formar y capacitar docentes universitarios y profesionales en aspectos cient\u00edficos y tecnol\u00f3gicos [&hellip;]<\/p>\n","protected":false},"author":1,"featured_media":0,"parent":0,"menu_order":0,"comment_status":"closed","ping_status":"closed","template":"","meta":{"site-sidebar-layout":"no-sidebar","site-content-layout":"page-builder","ast-site-content-layout":"full-width-container","site-content-style":"unboxed","site-sidebar-style":"unboxed","ast-global-header-display":"","ast-banner-title-visibility":"","ast-main-header-display":"","ast-hfb-above-header-display":"","ast-hfb-below-header-display":"","ast-hfb-mobile-header-display":"","site-post-title":"disabled","ast-breadcrumbs-content":"","ast-featured-img":"disabled","footer-sml-layout":"","theme-transparent-header-meta":"enabled","adv-header-id-meta":"","stick-header-meta":"","header-above-stick-meta":"","header-main-stick-meta":"","header-below-stick-meta":"","astra-migrate-meta-layouts":"set","ast-page-background-enabled":"default","ast-page-background-meta":{"desktop":{"background-color":"","background-image":"","background-repeat":"repeat","background-position":"center center","background-size":"auto","background-attachment":"scroll","background-type":"","background-media":"","overlay-type":"","overlay-color":"","overlay-opacity":"","overlay-gradient":""},"tablet":{"background-color":"","background-image":"","background-repeat":"repeat","background-position":"center center","background-size":"auto","background-attachment":"scroll","background-type":"","background-media":"","overlay-type":"","overlay-color":"","overlay-opacity":"","overlay-gradient":""},"mobile":{"background-color":"","background-image":"","background-repeat":"repeat","background-position":"center center","background-size":"auto","background-attachment":"scroll","background-type":"","background-media":"","overlay-type":"","overlay-color":"","overlay-opacity":"","overlay-gradient":""}},"ast-content-background-meta":{"desktop":{"background-color":"var(--ast-global-color-5)","background-image":"","background-repeat":"repeat","background-position":"center center","background-size":"auto","background-attachment":"scroll","background-type":"","background-media":"","overlay-type":"","overlay-color":"","overlay-opacity":"","overlay-gradient":""},"tablet":{"background-color":"var(--ast-global-color-5)","background-image":"","background-repeat":"repeat","background-position":"center center","background-size":"auto","background-attachment":"scroll","background-type":"","background-media":"","overlay-type":"","overlay-color":"","overlay-opacity":"","overlay-gradient":""},"mobile":{"background-color":"var(--ast-global-color-5)","background-image":"","background-repeat":"repeat","background-position":"center center","background-size":"auto","background-attachment":"scroll","background-type":"","background-media":"","overlay-type":"","overlay-color":"","overlay-opacity":"","overlay-gradient":""}},"footnotes":""},"class_list":["post-4522","page","type-page","status-publish","hentry"],"rttpg_featured_image_url":null,"rttpg_author":{"display_name":"wpadminfiqt","author_link":"https:\/\/www.fiqt.uni.edu.pe\/index.php\/author\/wpadminfiqt\/"},"rttpg_comment":0,"rttpg_category":null,"rttpg_excerpt":"Maestr\u00eda en Ciencia en Ingenier\u00eda Textil con menci\u00f3n en Gesti\u00f3n de Empresas Textiles Maestr\u00eda en Ciencia en Ingenier\u00eda Textil con menci\u00f3n en Gesti\u00f3n de Empresas Textiles Objetivos Perfil del Maestro en Ingenier\u00eda Textil El Programa de Maestr\u00eda en Ingenier\u00eda Tectil, tiene como objetivo formar y capacitar docentes universitarios y profesionales en aspectos cient\u00edficos y tecnol\u00f3gicos&hellip;","_links":{"self":[{"href":"https:\/\/www.fiqt.uni.edu.pe\/index.php\/wp-json\/wp\/v2\/pages\/4522","targetHints":{"allow":["GET"]}}],"collection":[{"href":"https:\/\/www.fiqt.uni.edu.pe\/index.php\/wp-json\/wp\/v2\/pages"}],"about":[{"href":"https:\/\/www.fiqt.uni.edu.pe\/index.php\/wp-json\/wp\/v2\/types\/page"}],"author":[{"embeddable":true,"href":"https:\/\/www.fiqt.uni.edu.pe\/index.php\/wp-json\/wp\/v2\/users\/1"}],"replies":[{"embeddable":true,"href":"https:\/\/www.fiqt.uni.edu.pe\/index.php\/wp-json\/wp\/v2\/comments?post=4522"}],"version-history":[{"count":11,"href":"https:\/\/www.fiqt.uni.edu.pe\/index.php\/wp-json\/wp\/v2\/pages\/4522\/revisions"}],"predecessor-version":[{"id":4824,"href":"https:\/\/www.fiqt.uni.edu.pe\/index.php\/wp-json\/wp\/v2\/pages\/4522\/revisions\/4824"}],"wp:attachment":[{"href":"https:\/\/www.fiqt.uni.edu.pe\/index.php\/wp-json\/wp\/v2\/media?parent=4522"}],"curies":[{"name":"wp","href":"https:\/\/api.w.org\/{rel}","templated":true}]}}