{"id":4542,"date":"2023-08-21T12:22:51","date_gmt":"2023-08-21T17:22:51","guid":{"rendered":"http:\/\/52.252.107.62\/dirfiqtweb2023\/?page_id=4542"},"modified":"2026-01-12T11:40:49","modified_gmt":"2026-01-12T16:40:49","slug":"presentacion-del-decano","status":"publish","type":"page","link":"https:\/\/www.fiqt.uni.edu.pe\/index.php\/presentacion-del-decano\/","title":{"rendered":"Presentaci\u00f3n del Decano"},"content":{"rendered":"\t\t<div data-elementor-type=\"wp-post\" data-elementor-id=\"4542\" class=\"elementor elementor-4542\" data-elementor-post-type=\"page\">\n\t\t\t\t\t\t<section class=\"elementor-section elementor-top-section elementor-element elementor-element-8c39fce elementor-section-content-middle elementor-section-boxed elementor-section-height-default elementor-section-height-default\" data-id=\"8c39fce\" data-element_type=\"section\" data-settings=\"{&quot;background_background&quot;:&quot;classic&quot;}\">\n\t\t\t\t\t\t\t<div class=\"elementor-background-overlay\"><\/div>\n\t\t\t\t\t\t\t<div class=\"elementor-container elementor-column-gap-no\">\n\t\t\t\t\t<div class=\"elementor-column elementor-col-100 elementor-top-column elementor-element elementor-element-b1952b1\" data-id=\"b1952b1\" data-element_type=\"column\">\n\t\t\t<div class=\"elementor-widget-wrap elementor-element-populated\">\n\t\t\t\t\t\t<div class=\"elementor-element elementor-element-03b93f0 elementor-widget elementor-widget-heading\" data-id=\"03b93f0\" data-element_type=\"widget\" data-widget_type=\"heading.default\">\n\t\t\t\t<div class=\"elementor-widget-container\">\n\t\t\t\t\t<h1 class=\"elementor-heading-title elementor-size-default\">\"La \u00danica Constante es el Cambio\"<\/h1>\t\t\t\t<\/div>\n\t\t\t\t<\/div>\n\t\t\t\t\t<\/div>\n\t\t<\/div>\n\t\t\t\t\t<\/div>\n\t\t<\/section>\n\t\t\t\t<section class=\"elementor-section elementor-top-section elementor-element elementor-element-d28c655 elementor-section-full_width elementor-section-height-default elementor-section-height-default\" data-id=\"d28c655\" data-element_type=\"section\" data-settings=\"{&quot;background_background&quot;:&quot;classic&quot;}\">\n\t\t\t\t\t\t<div class=\"elementor-container elementor-column-gap-default\">\n\t\t\t\t\t<div class=\"elementor-column elementor-col-100 elementor-top-column elementor-element elementor-element-997bde8\" data-id=\"997bde8\" data-element_type=\"column\">\n\t\t\t<div class=\"elementor-widget-wrap elementor-element-populated\">\n\t\t\t\t\t\t<section class=\"elementor-section elementor-inner-section elementor-element elementor-element-83b3443 elementor-section-full_width elementor-section-content-middle elementor-section-height-default elementor-section-height-default\" data-id=\"83b3443\" data-element_type=\"section\">\n\t\t\t\t\t\t<div class=\"elementor-container elementor-column-gap-no\">\n\t\t\t\t\t<div class=\"elementor-column elementor-col-50 elementor-inner-column elementor-element elementor-element-fe6e6ed\" data-id=\"fe6e6ed\" data-element_type=\"column\" data-settings=\"{&quot;background_background&quot;:&quot;classic&quot;}\">\n\t\t\t<div class=\"elementor-widget-wrap elementor-element-populated\">\n\t\t\t\t\t\t<div class=\"elementor-element elementor-element-2a5a40c elementor-widget-divider--view-line elementor-widget elementor-widget-divider\" data-id=\"2a5a40c\" data-element_type=\"widget\" data-widget_type=\"divider.default\">\n\t\t\t\t<div class=\"elementor-widget-container\">\n\t\t\t\t\t\t\t<div class=\"elementor-divider\">\n\t\t\t<span class=\"elementor-divider-separator\">\n\t\t\t\t\t\t<\/span>\n\t\t<\/div>\n\t\t\t\t\t\t<\/div>\n\t\t\t\t<\/div>\n\t\t\t\t<div class=\"elementor-element elementor-element-ef5188a elementor-widget elementor-widget-image-box\" data-id=\"ef5188a\" data-element_type=\"widget\" data-widget_type=\"image-box.default\">\n\t\t\t\t<div class=\"elementor-widget-container\">\n\t\t\t\t\t<div class=\"elementor-image-box-wrapper\"><div class=\"elementor-image-box-content\"><h2 class=\"elementor-image-box-title\">Estimados de la comunidad facultativa, amigos todos...<\/h2><\/div><\/div>\t\t\t\t<\/div>\n\t\t\t\t<\/div>\n\t\t\t\t<div class=\"elementor-element elementor-element-cf02847 elementor-widget elementor-widget-text-editor\" data-id=\"cf02847\" data-element_type=\"widget\" data-widget_type=\"text-editor.default\">\n\t\t\t\t<div class=\"elementor-widget-container\">\n\t\t\t\t\t\t\t\t\t<p>Presento esta p\u00e1gina web de la FIQT, en el cual se muestran las actividades que se vienen realizando en las misiones inherentes a la Universidad, como es formaci\u00f3n, investigaci\u00f3n y responsabilidad social<\/p><p>Se presentan los temas acad\u00e9micos de las mallas curriculares de las dos especialidades de Ingenier\u00eda Qu\u00edmica y Textil, hoy con la propuesta de la gesti\u00f3n del conocimiento, se hace imprescindible que los entornos virtuales se muestren en el sistema de ense\u00f1anza, aprendizaje y se plantean nuevos modelos educativos con el uso de las TICs, por tanto, se viene trabajando en plantear un nuevo modelo educativo basado en competencias, as\u00ed como fortalecimiento de las habilidades blandas del grupo de impulso como de docentes y estudiantes.<\/p><p>Se est\u00e1 fortaleciendo los laboratorios de las dos especialidades con equipo de primera generaci\u00f3n, ahora con sistema SCADA y HMI, \u00e9sto permite que desde cualquier PC se pueda conectar con los controles del equipo y tambi\u00e9n disponer de informaci\u00f3n de las variables de proceso.<\/p><p>La propuesta de mi gesti\u00f3n es contar con dos plantas pilotos, una de Ingenier\u00eda Qu\u00edmica (ampliaci\u00f3n de LOU, Laboratorio de Operaciones Unitarias) y Planta Textil (ampliaci\u00f3n del Laboratorio de Ingenier\u00eda Textil), estamos trabajando en ello, porque entiendo, que la agenda del pais, es que su universidad transmita conocimiento a trav\u00e9s de la ciencia y tecnolog\u00eda, esta bien que los edificios son las grandes obras de algunos,\u00a0 pero consider\u00f3 que la CTeI (Ciencia Tecnolog\u00eda e Innovaci\u00f3n) es lo que el Per\u00fa espera de su universidad.<\/p><p>La agenda de investigaci\u00f3n es el pilar de mi gesti\u00f3n, porque en el marco de los modelos econ\u00f3micos de los pa\u00edses que antes fueron pobres se levantaron apostando por la ciencia y tecnolog\u00eda, este modelo de la triple h\u00e9lice universidad-estado-empresa dio muchas satisfacciones a pa\u00edses europeos y m\u00e1s a los pa\u00edses asi\u00e1ticos, aqu\u00ed\u00a0 se propone que la universidad y m\u00e1s nuestra facultad se convierta en el agente del gran cambio del pa\u00eds, pues, con la creaci\u00f3n de los polos tecnol\u00f3gicos en la\u00a0 regiones que tiene grandes recursos naturales reciban de su universidad, el conocimiento para generar alto valor agregado.<\/p><p>Asimismo, la nueva agenda de la Responsabilidad Social, es el nuevo sentir de la universidad con su comunidad propia y la sociedad, es importante vivir en condiciones ambientales saludables, los grupos de inter\u00e9s llamados stakeholders son el grupo de impulso constituido por las autoridades, docentes y estudiantes, consideran que tener un campus con aire limpio y ambiente limpio (calidad de vida estudiantil) tambi\u00e9n debe ser transmitido a la sociedad, y otro eje de la RSU (responsabilidad social universitaria) es la transferencia de conocimiento o tecnolog\u00eda a su comunidad para participar en el desarrollo sostenible descrito en los 17 objetivos de la UNESCO.<\/p><p>Por tanto, la modernidad lleg\u00f3 a la facultad, ahora los nuevos estudiantes considerados los nativos digitales consideran que se debe implementar un nuevo modelo de ense\u00f1anza con uso intensivo de las TICS, bibliotecas virtuales.<\/p><p>Los docentes tambi\u00e9n ahora disponen de unas salas de reuniones inteligente con sistema de ayuda audio visual.<\/p><p>La planta de pisco ahora cuenta con un alambique de 500 lt para producir pisco uni y tambi\u00e9n contamos con una columna de destilaci\u00f3n piloto, para producir etanol de 96\u00b0 a 25 lt \/hora, con este \u00faltimo equipo vamos a transferir tecnolog\u00eda a la sociedad para producir etanol a partir de tub\u00e9rculos, en algunos casos con desaliento de los agricultores que no ven c\u00f3mo se desaprovecha su alto valor como la oca, olluco, camote etc.\u00a0 dando valor agregado.<\/p><p>Seguimos adelante aplicando el paradigma: \u00abLa \u00danica Constante es el Cambio\u00bb.<\/p>\t\t\t\t\t\t\t\t<\/div>\n\t\t\t\t<\/div>\n\t\t\t\t<div class=\"elementor-element elementor-element-6d22025 elementor-widget elementor-widget-eael-fancy-text\" data-id=\"6d22025\" data-element_type=\"widget\" data-widget_type=\"eael-fancy-text.default\">\n\t\t\t\t<div class=\"elementor-widget-container\">\n\t\t\t\t\t\n\t<div  class=\"eael-fancy-text-container style-1\" data-fancy-text-id=\"6d22025\" data-fancy-text=\"|Warren Reategui Romero\" data-fancy-text-transition-type=\"typing\" data-fancy-text-speed=\"50\" data-fancy-text-delay=\"2500\" data-fancy-text-cursor=\"yes\" data-fancy-text-loop=\"yes\" data-fancy-text-action=\"page_load\" >\n\t\t\t\t\t<span class=\"eael-fancy-text-prefix\">Dr. Ing. <\/span>\n\t\t\n\t\t\n\t\t\t\t\t<span id=\"eael-fancy-text-6d22025\" class=\"eael-fancy-text-strings solid-color\">\n\t\t\t\t<noscript>\n\t\t\t\t\tWarren Reategui Romero\t\t\t\t<\/noscript>\n\t\t\t<\/span>\n\t\t\n\t\t\t<\/div><!-- close .eael-fancy-text-container -->\n\n\t<div class=\"clearfix\"><\/div>\n\n\t\t\t\t\t<\/div>\n\t\t\t\t<\/div>\n\t\t\t\t<div class=\"elementor-element elementor-element-07f4754 elementor-widget elementor-widget-heading\" data-id=\"07f4754\" data-element_type=\"widget\" data-widget_type=\"heading.default\">\n\t\t\t\t<div class=\"elementor-widget-container\">\n\t\t\t\t\t<h5 class=\"elementor-heading-title elementor-size-default\">Decano<\/h5>\t\t\t\t<\/div>\n\t\t\t\t<\/div>\n\t\t\t\t\t<\/div>\n\t\t<\/div>\n\t\t\t\t<div class=\"elementor-column elementor-col-50 elementor-inner-column elementor-element elementor-element-0d6976d elementor-hidden-tablet\" data-id=\"0d6976d\" data-element_type=\"column\" data-settings=\"{&quot;background_background&quot;:&quot;classic&quot;}\">\n\t\t\t<div class=\"elementor-widget-wrap elementor-element-populated\">\n\t\t\t\t\t\t\t<\/div>\n\t\t<\/div>\n\t\t\t\t\t<\/div>\n\t\t<\/section>\n\t\t\t\t<section class=\"elementor-section elementor-inner-section elementor-element elementor-element-47f69a3 elementor-section-full_width elementor-section-content-middle elementor-hidden-desktop elementor-hidden-mobile elementor-section-height-default elementor-section-height-default\" data-id=\"47f69a3\" data-element_type=\"section\">\n\t\t\t\t\t\t<div class=\"elementor-container elementor-column-gap-no\">\n\t\t\t\t\t<div class=\"elementor-column elementor-col-100 elementor-inner-column elementor-element elementor-element-e1073c8 elementor-hidden-desktop elementor-hidden-mobile\" data-id=\"e1073c8\" data-element_type=\"column\" data-settings=\"{&quot;background_background&quot;:&quot;classic&quot;}\">\n\t\t\t<div class=\"elementor-widget-wrap elementor-element-populated\">\n\t\t\t\t\t\t\t<\/div>\n\t\t<\/div>\n\t\t\t\t\t<\/div>\n\t\t<\/section>\n\t\t\t\t\t<\/div>\n\t\t<\/div>\n\t\t\t\t\t<\/div>\n\t\t<\/section>\n\t\t\t\t<\/div>\n\t\t","protected":false},"excerpt":{"rendered":"<p>\u00abLa \u00danica Constante es el Cambio\u00bb Estimados de la comunidad facultativa, amigos todos&#8230; Presento esta p\u00e1gina web de la FIQT, en el cual se muestran las actividades que se vienen realizando en las misiones inherentes a la Universidad, como es formaci\u00f3n, investigaci\u00f3n y responsabilidad social Se presentan los temas acad\u00e9micos de las mallas curriculares de [&hellip;]<\/p>\n","protected":false},"author":1,"featured_media":0,"parent":0,"menu_order":0,"comment_status":"closed","ping_status":"closed","template":"","meta":{"site-sidebar-layout":"no-sidebar","site-content-layout":"page-builder","ast-site-content-layout":"full-width-container","site-content-style":"unboxed","site-sidebar-style":"unboxed","ast-global-header-display":"","ast-banner-title-visibility":"","ast-main-header-display":"","ast-hfb-above-header-display":"","ast-hfb-below-header-display":"","ast-hfb-mobile-header-display":"","site-post-title":"disabled","ast-breadcrumbs-content":"","ast-featured-img":"disabled","footer-sml-layout":"","theme-transparent-header-meta":"enabled","adv-header-id-meta":"","stick-header-meta":"","header-above-stick-meta":"","header-main-stick-meta":"","header-below-stick-meta":"","astra-migrate-meta-layouts":"set","ast-page-background-enabled":"default","ast-page-background-meta":{"desktop":{"background-color":"","background-image":"","background-repeat":"repeat","background-position":"center center","background-size":"auto","background-attachment":"scroll","background-type":"","background-media":"","overlay-type":"","overlay-color":"","overlay-opacity":"","overlay-gradient":""},"tablet":{"background-color":"","background-image":"","background-repeat":"repeat","background-position":"center center","background-size":"auto","background-attachment":"scroll","background-type":"","background-media":"","overlay-type":"","overlay-color":"","overlay-opacity":"","overlay-gradient":""},"mobile":{"background-color":"","background-image":"","background-repeat":"repeat","background-position":"center center","background-size":"auto","background-attachment":"scroll","background-type":"","background-media":"","overlay-type":"","overlay-color":"","overlay-opacity":"","overlay-gradient":""}},"ast-content-background-meta":{"desktop":{"background-color":"var(--ast-global-color-5)","background-image":"","background-repeat":"repeat","background-position":"center center","background-size":"auto","background-attachment":"scroll","background-type":"","background-media":"","overlay-type":"","overlay-color":"","overlay-opacity":"","overlay-gradient":""},"tablet":{"background-color":"var(--ast-global-color-5)","background-image":"","background-repeat":"repeat","background-position":"center center","background-size":"auto","background-attachment":"scroll","background-type":"","background-media":"","overlay-type":"","overlay-color":"","overlay-opacity":"","overlay-gradient":""},"mobile":{"background-color":"var(--ast-global-color-5)","background-image":"","background-repeat":"repeat","background-position":"center center","background-size":"auto","background-attachment":"scroll","background-type":"","background-media":"","overlay-type":"","overlay-color":"","overlay-opacity":"","overlay-gradient":""}},"footnotes":""},"class_list":["post-4542","page","type-page","status-publish","hentry"],"rttpg_featured_image_url":null,"rttpg_author":{"display_name":"wpadminfiqt","author_link":"https:\/\/www.fiqt.uni.edu.pe\/index.php\/author\/wpadminfiqt\/"},"rttpg_comment":0,"rttpg_category":null,"rttpg_excerpt":"\u00abLa \u00danica Constante es el Cambio\u00bb Estimados de la comunidad facultativa, amigos todos&#8230; Presento esta p\u00e1gina web de la FIQT, en el cual se muestran las actividades que se vienen realizando en las misiones inherentes a la Universidad, como es formaci\u00f3n, investigaci\u00f3n y responsabilidad social Se presentan los temas acad\u00e9micos de las mallas curriculares de&hellip;","_links":{"self":[{"href":"https:\/\/www.fiqt.uni.edu.pe\/index.php\/wp-json\/wp\/v2\/pages\/4542","targetHints":{"allow":["GET"]}}],"collection":[{"href":"https:\/\/www.fiqt.uni.edu.pe\/index.php\/wp-json\/wp\/v2\/pages"}],"about":[{"href":"https:\/\/www.fiqt.uni.edu.pe\/index.php\/wp-json\/wp\/v2\/types\/page"}],"author":[{"embeddable":true,"href":"https:\/\/www.fiqt.uni.edu.pe\/index.php\/wp-json\/wp\/v2\/users\/1"}],"replies":[{"embeddable":true,"href":"https:\/\/www.fiqt.uni.edu.pe\/index.php\/wp-json\/wp\/v2\/comments?post=4542"}],"version-history":[{"count":46,"href":"https:\/\/www.fiqt.uni.edu.pe\/index.php\/wp-json\/wp\/v2\/pages\/4542\/revisions"}],"predecessor-version":[{"id":7236,"href":"https:\/\/www.fiqt.uni.edu.pe\/index.php\/wp-json\/wp\/v2\/pages\/4542\/revisions\/7236"}],"wp:attachment":[{"href":"https:\/\/www.fiqt.uni.edu.pe\/index.php\/wp-json\/wp\/v2\/media?parent=4542"}],"curies":[{"name":"wp","href":"https:\/\/api.w.org\/{rel}","templated":true}]}}