{"id":4565,"date":"2023-08-22T10:08:46","date_gmt":"2023-08-22T15:08:46","guid":{"rendered":"http:\/\/52.252.107.62\/dirfiqtweb2023\/?page_id=4565"},"modified":"2025-11-13T10:45:00","modified_gmt":"2025-11-13T15:45:00","slug":"investigacion","status":"publish","type":"page","link":"https:\/\/www.fiqt.uni.edu.pe\/index.php\/investigacion\/","title":{"rendered":"Investigaci\u00f3n"},"content":{"rendered":"\t\t<div data-elementor-type=\"wp-post\" data-elementor-id=\"4565\" class=\"elementor elementor-4565\" data-elementor-post-type=\"page\">\n\t\t\t\t\t\t<section class=\"elementor-section elementor-top-section elementor-element elementor-element-8c39fce elementor-section-content-middle elementor-section-boxed elementor-section-height-default elementor-section-height-default\" data-id=\"8c39fce\" data-element_type=\"section\" data-settings=\"{&quot;background_background&quot;:&quot;classic&quot;}\">\n\t\t\t\t\t\t\t<div class=\"elementor-background-overlay\"><\/div>\n\t\t\t\t\t\t\t<div class=\"elementor-container elementor-column-gap-no\">\n\t\t\t\t\t<div class=\"elementor-column elementor-col-100 elementor-top-column elementor-element elementor-element-b1952b1\" data-id=\"b1952b1\" data-element_type=\"column\">\n\t\t\t<div class=\"elementor-widget-wrap\">\n\t\t\t\t\t\t\t<\/div>\n\t\t<\/div>\n\t\t\t\t\t<\/div>\n\t\t<\/section>\n\t\t\t\t<section class=\"elementor-section elementor-top-section elementor-element elementor-element-01867a1 elementor-section-boxed elementor-section-height-default elementor-section-height-default\" data-id=\"01867a1\" data-element_type=\"section\" data-settings=\"{&quot;background_background&quot;:&quot;classic&quot;}\">\n\t\t\t\t\t\t<div class=\"elementor-container elementor-column-gap-default\">\n\t\t\t\t\t<div class=\"elementor-column elementor-col-50 elementor-top-column elementor-element elementor-element-5bfeda2\" data-id=\"5bfeda2\" data-element_type=\"column\">\n\t\t\t<div class=\"elementor-widget-wrap elementor-element-populated\">\n\t\t\t\t\t\t<div class=\"elementor-element elementor-element-ea057b6 elementor-widget elementor-widget-heading\" data-id=\"ea057b6\" data-element_type=\"widget\" data-widget_type=\"heading.default\">\n\t\t\t\t<div class=\"elementor-widget-container\">\n\t\t\t\t\t<h3 class=\"elementor-heading-title elementor-size-default\">OFICINA DE INVESTIGACI\u00d3N<\/h3>\t\t\t\t<\/div>\n\t\t\t\t<\/div>\n\t\t\t\t<div class=\"elementor-element elementor-element-44a51de elementor-widget-divider--view-line elementor-widget elementor-widget-divider\" data-id=\"44a51de\" data-element_type=\"widget\" data-widget_type=\"divider.default\">\n\t\t\t\t<div class=\"elementor-widget-container\">\n\t\t\t\t\t\t\t<div class=\"elementor-divider\">\n\t\t\t<span class=\"elementor-divider-separator\">\n\t\t\t\t\t\t<\/span>\n\t\t<\/div>\n\t\t\t\t\t\t<\/div>\n\t\t\t\t<\/div>\n\t\t\t\t<div class=\"elementor-element elementor-element-f20d32b elementor-widget elementor-widget-heading\" data-id=\"f20d32b\" data-element_type=\"widget\" data-widget_type=\"heading.default\">\n\t\t\t\t<div class=\"elementor-widget-container\">\n\t\t\t\t\t<h3 class=\"elementor-heading-title elementor-size-default\">Presentaci\u00f3n<\/h3>\t\t\t\t<\/div>\n\t\t\t\t<\/div>\n\t\t\t\t<section class=\"elementor-section elementor-inner-section elementor-element elementor-element-663dfba elementor-section-boxed elementor-section-height-default elementor-section-height-default\" data-id=\"663dfba\" data-element_type=\"section\">\n\t\t\t\t\t\t<div class=\"elementor-container elementor-column-gap-default\">\n\t\t\t\t\t<div class=\"elementor-column elementor-col-50 elementor-inner-column elementor-element elementor-element-e12cb6e\" data-id=\"e12cb6e\" data-element_type=\"column\">\n\t\t\t<div class=\"elementor-widget-wrap elementor-element-populated\">\n\t\t\t\t\t\t<div class=\"elementor-element elementor-element-db409cb elementor-widget elementor-widget-text-editor\" data-id=\"db409cb\" data-element_type=\"widget\" data-widget_type=\"text-editor.default\">\n\t\t\t\t<div class=\"elementor-widget-container\">\n\t\t\t\t\t\t\t\t\t<p>La Unidad de Investigacion de la Facultad de Ingenier\u00eda Qu\u00edmica y Textil, est\u00e1 orientada a la investigacion cient\u00edfica, desarrollo tecnol\u00f3gico e innovaci\u00f3n para as\u00ed contribuir con el desarrollo social y los problemas del pa\u00eds.<\/p><p>Sus objetivos estrat\u00e9gicos est\u00e1n orientados a los siguientes temas:<\/p><ol><li>Generaci\u00f3n y transferencia de conocimiento cient\u00edfico \u2013 tecnol\u00f3gico las cuales deben ser alineadas a las necesidades del pa\u00eds.<\/li><li>Promoci\u00f3n y desarrollo de incentivos que estimulen e incrementen las actividades de investigacion, desarrollo e innovaci\u00f3n.<\/li><li>Generaci\u00f3n de capital humano debidamente calificado.<\/li><\/ol><p>Como unidad estamos prestos a promover con las gestiones de investigaciones cient\u00edficas que se desarrollan en la facultad para as\u00ed contribuir con el crecimiento del pa\u00eds.<\/p>\t\t\t\t\t\t\t\t<\/div>\n\t\t\t\t<\/div>\n\t\t\t\t\t<\/div>\n\t\t<\/div>\n\t\t\t\t<div class=\"elementor-column elementor-col-50 elementor-inner-column elementor-element elementor-element-caab97e\" data-id=\"caab97e\" data-element_type=\"column\" data-settings=\"{&quot;background_background&quot;:&quot;classic&quot;}\">\n\t\t\t<div class=\"elementor-widget-wrap elementor-element-populated\">\n\t\t\t\t\t\t<div class=\"elementor-element elementor-element-1848641 elementor-widget elementor-widget-image\" data-id=\"1848641\" data-element_type=\"widget\" data-widget_type=\"image.default\">\n\t\t\t\t<div class=\"elementor-widget-container\">\n\t\t\t\t\t\t\t\t\t\t\t\t\t\t\t<img fetchpriority=\"high\" decoding=\"async\" width=\"400\" height=\"400\" src=\"https:\/\/www.fiqt.uni.edu.pe\/wp-content\/uploads\/2024\/03\/DE-LA-CRUZ-AZABACHE-MARIO-RICARDO-1.jpg\" class=\"attachment-large size-large wp-image-6099\" alt=\"\" srcset=\"https:\/\/www.fiqt.uni.edu.pe\/wp-content\/uploads\/2024\/03\/DE-LA-CRUZ-AZABACHE-MARIO-RICARDO-1.jpg 400w, https:\/\/www.fiqt.uni.edu.pe\/wp-content\/uploads\/2024\/03\/DE-LA-CRUZ-AZABACHE-MARIO-RICARDO-1-300x300.jpg 300w, https:\/\/www.fiqt.uni.edu.pe\/wp-content\/uploads\/2024\/03\/DE-LA-CRUZ-AZABACHE-MARIO-RICARDO-1-150x150.jpg 150w\" sizes=\"(max-width: 400px) 100vw, 400px\" \/>\t\t\t\t\t\t\t\t\t\t\t\t\t\t\t<\/div>\n\t\t\t\t<\/div>\n\t\t\t\t<div class=\"elementor-element elementor-element-ecc9307 elementor-widget elementor-widget-image-box\" data-id=\"ecc9307\" data-element_type=\"widget\" data-widget_type=\"image-box.default\">\n\t\t\t\t<div class=\"elementor-widget-container\">\n\t\t\t\t\t<div class=\"elementor-image-box-wrapper\"><div class=\"elementor-image-box-content\"><h6 class=\"elementor-image-box-title\">MBA. Mario Ricardo de la Cruz Azabache<\/h6><p class=\"elementor-image-box-description\">Director de Investigaci\u00f3n<\/p><\/div><\/div>\t\t\t\t<\/div>\n\t\t\t\t<\/div>\n\t\t\t\t\t<\/div>\n\t\t<\/div>\n\t\t\t\t\t<\/div>\n\t\t<\/section>\n\t\t\t\t<section class=\"elementor-section elementor-inner-section elementor-element elementor-element-d5c5804 elementor-section-boxed elementor-section-height-default elementor-section-height-default\" data-id=\"d5c5804\" data-element_type=\"section\">\n\t\t\t\t\t\t<div class=\"elementor-container elementor-column-gap-default\">\n\t\t\t\t\t<div class=\"elementor-column elementor-col-100 elementor-inner-column elementor-element elementor-element-93027b5\" data-id=\"93027b5\" data-element_type=\"column\">\n\t\t\t<div class=\"elementor-widget-wrap elementor-element-populated\">\n\t\t\t\t\t\t<div class=\"elementor-element elementor-element-2bbe3ad elementor-widget elementor-widget-text-editor\" data-id=\"2bbe3ad\" data-element_type=\"widget\" data-widget_type=\"text-editor.default\">\n\t\t\t\t<div class=\"elementor-widget-container\">\n\t\t\t\t\t\t\t\t\t<p><strong>Principios de Investigaci\u00f3n:<\/strong><\/p>\t\t\t\t\t\t\t\t<\/div>\n\t\t\t\t<\/div>\n\t\t\t\t<div class=\"elementor-element elementor-element-10a3195 elementor-widget elementor-widget-text-editor\" data-id=\"10a3195\" data-element_type=\"widget\" data-widget_type=\"text-editor.default\">\n\t\t\t\t<div class=\"elementor-widget-container\">\n\t\t\t\t\t\t\t\t\t<ul>\n \t<li><strong>Sostenibilidad: <\/strong>Los conocimientos cient\u00edficos y tecnol\u00f3gicos repercute en el desarrollo acad\u00e9mico, cultural, social y econ\u00f3mico del pa\u00eds, dentro del contexto global (La internacionalizaci\u00f3n de la investigaci\u00f3n) y local (La responsabilidad social, ambiental y la industrializaci\u00f3n)<\/li>\n \t<li><strong>Adaptabilidad: <\/strong>La investigaci\u00f3n se desarrolla por medio de grupos de investigaci\u00f3n, unidades b\u00e1sicas donde se generan los conocimientos y estos tienen capacidad de adecuarse a las circunstancias de la realidad peruana.<\/li>\n \t<li><strong>Meritocracia: <\/strong>Se premia al que demuestra ser m\u00e1s competente, lo cual crea un ambiente de buscar la mejora continua.<\/li>\n \t<li><strong>Asociatividad:<\/strong>Obligatoriedad de la divulgaci\u00f3n, transferencia y en el proceso gestionar la protecci\u00f3n de los resultados de la investigaci\u00f3n a trav\u00e9s de los medios reconocidos y usual en cada caso<\/li>\n \t<li><strong>Igualdad ante la ley: <\/strong>Nadie debe ser discriminado por motivo de origen, raza, sexo, idioma, religi\u00f3n, opini\u00f3n, condici\u00f3n econ\u00f3mica o de cualquiera otra \u00edndole.<\/li>\n \t<li><strong>Libertad de conciencia y de religi\u00f3n: <\/strong>No hay persecuci\u00f3n por raz\u00f3n de ideas o creencias. No hay delito de opini\u00f3n. El ejercicio p\u00fablico de todas las confesiones es libre, siempre que no ofenda la moral ni altere el orden p\u00fablico<\/li>\n<\/ul>\t\t\t\t\t\t\t\t<\/div>\n\t\t\t\t<\/div>\n\t\t\t\t\t<\/div>\n\t\t<\/div>\n\t\t\t\t\t<\/div>\n\t\t<\/section>\n\t\t\t\t\t<\/div>\n\t\t<\/div>\n\t\t\t\t<div class=\"elementor-column elementor-col-50 elementor-top-column elementor-element elementor-element-f69f050\" data-id=\"f69f050\" data-element_type=\"column\">\n\t\t\t<div class=\"elementor-widget-wrap elementor-element-populated\">\n\t\t\t\t\t\t<section class=\"elementor-section elementor-inner-section elementor-element elementor-element-51da18e elementor-section-boxed elementor-section-height-default elementor-section-height-default\" data-id=\"51da18e\" data-element_type=\"section\">\n\t\t\t\t\t\t<div class=\"elementor-container elementor-column-gap-default\">\n\t\t\t\t\t<div class=\"elementor-column elementor-col-100 elementor-inner-column elementor-element elementor-element-60cee2a\" data-id=\"60cee2a\" data-element_type=\"column\" data-settings=\"{&quot;background_background&quot;:&quot;classic&quot;}\">\n\t\t\t<div class=\"elementor-widget-wrap elementor-element-populated\">\n\t\t\t\t\t\t<div class=\"elementor-element elementor-element-ffacf81 elementor-widget elementor-widget-heading\" data-id=\"ffacf81\" data-element_type=\"widget\" data-widget_type=\"heading.default\">\n\t\t\t\t<div class=\"elementor-widget-container\">\n\t\t\t\t\t<h4 class=\"elementor-heading-title elementor-size-default\">Oficina de Investigaci\u00f3n<\/h4>\t\t\t\t<\/div>\n\t\t\t\t<\/div>\n\t\t\t\t<div class=\"elementor-element elementor-element-8f89722 eael_simple_menu_hamburger_disable_selected_menu_no eael-simple-menu-hamburger-align-right eael-hamburger--tablet elementor-widget elementor-widget-eael-simple-menu\" data-id=\"8f89722\" data-element_type=\"widget\" data-widget_type=\"eael-simple-menu.default\">\n\t\t\t\t<div class=\"elementor-widget-container\">\n\t\t\t\t\t<style>\n                        @media screen and (max-width: 1024px) {\n                            .eael-hamburger--tablet {\n                                .eael-simple-menu-horizontal,\n                                .eael-simple-menu-vertical {\n                                    display: none;\n                                }\n                            }\n                            .eael-hamburger--tablet {\n                                .eael-simple-menu-container .eael-simple-menu-toggle {\n                                    display: block;\n                                }\n                            }\n                        }\n                    <\/style>            <div data-hamburger-icon=\"&lt;i aria-hidden=&quot;true&quot; class=&quot;fas fa-bars&quot;&gt;&lt;\/i&gt;\" data-indicator-icon=\"&lt;i aria-hidden=&quot;true&quot; class=&quot;fas fa-angle-down&quot;&gt;&lt;\/i&gt;\" data-dropdown-indicator-icon=\"&lt;i class=&quot;fas fa-angle-down&quot;&gt;&lt;\/i&gt;\" class=\"eael-simple-menu-container eael-simple-menu-align-left eael-simple-menu-dropdown-align-left preset-1\" data-hamburger-breakpoints=\"{&quot;mobile&quot;:&quot;M\\u00f3vil vertical (&gt; 767px)&quot;,&quot;tablet&quot;:&quot;Tableta vertical (&gt; 1024px)&quot;,&quot;desktop&quot;:&quot;Desktop (&gt; 2400px)&quot;,&quot;none&quot;:&quot;None&quot;}\" data-hamburger-device=\"tablet\">\n                <ul id=\"menu-inv_pag\" class=\"eael-simple-menu eael-simple-menu-dropdown-animate-to-top eael-simple-menu-indicator eael-simple-menu-vertical\"><li id=\"menu-item-6870\" class=\"menu-item menu-item-type-post_type menu-item-object-page menu-item-6870\"><a href=\"https:\/\/www.fiqt.uni.edu.pe\/index.php\/investigacion\/\" class=\"menu-link\">Presentaci\u00f3n<\/a><\/li>\n<li id=\"menu-item-6872\" class=\"menu-item menu-item-type-post_type menu-item-object-page menu-item-6872\"><a href=\"https:\/\/www.fiqt.uni.edu.pe\/index.php\/inv-mision-vision\/\" class=\"menu-link\">Mision y Vision<\/a><\/li>\n<li id=\"menu-item-6871\" class=\"menu-item menu-item-type-post_type menu-item-object-page menu-item-6871\"><a href=\"https:\/\/www.fiqt.uni.edu.pe\/index.php\/inv-plan-de-investigacion\/\" class=\"menu-link\">Plan de Investigacion<\/a><\/li>\n<\/ul>                <button class=\"eael-simple-menu-toggle\">\n                    <span class=\"sr-only \">Hamburger Toggle Menu<\/span>\n                    <i aria-hidden=\"true\" class=\"fas fa-bars\"><\/i>                <\/button>\n            <\/div>\n            \t\t\t\t<\/div>\n\t\t\t\t<\/div>\n\t\t\t\t\t<\/div>\n\t\t<\/div>\n\t\t\t\t\t<\/div>\n\t\t<\/section>\n\t\t\t\t\t<\/div>\n\t\t<\/div>\n\t\t\t\t\t<\/div>\n\t\t<\/section>\n\t\t\t\t<\/div>\n\t\t","protected":false},"excerpt":{"rendered":"<p>OFICINA DE INVESTIGACI\u00d3N Presentaci\u00f3n La Unidad de Investigacion de la Facultad de Ingenier\u00eda Qu\u00edmica y Textil, est\u00e1 orientada a la investigacion cient\u00edfica, desarrollo tecnol\u00f3gico e innovaci\u00f3n para as\u00ed contribuir con el desarrollo social y los problemas del pa\u00eds. Sus objetivos estrat\u00e9gicos est\u00e1n orientados a los siguientes temas: Generaci\u00f3n y transferencia de conocimiento cient\u00edfico \u2013 tecnol\u00f3gico [&hellip;]<\/p>\n","protected":false},"author":1,"featured_media":0,"parent":0,"menu_order":0,"comment_status":"closed","ping_status":"closed","template":"","meta":{"site-sidebar-layout":"no-sidebar","site-content-layout":"page-builder","ast-site-content-layout":"full-width-container","site-content-style":"unboxed","site-sidebar-style":"unboxed","ast-global-header-display":"","ast-banner-title-visibility":"","ast-main-header-display":"","ast-hfb-above-header-display":"","ast-hfb-below-header-display":"","ast-hfb-mobile-header-display":"","site-post-title":"disabled","ast-breadcrumbs-content":"","ast-featured-img":"disabled","footer-sml-layout":"","theme-transparent-header-meta":"enabled","adv-header-id-meta":"","stick-header-meta":"","header-above-stick-meta":"","header-main-stick-meta":"","header-below-stick-meta":"","astra-migrate-meta-layouts":"set","ast-page-background-enabled":"default","ast-page-background-meta":{"desktop":{"background-color":"","background-image":"","background-repeat":"repeat","background-position":"center center","background-size":"auto","background-attachment":"scroll","background-type":"","background-media":"","overlay-type":"","overlay-color":"","overlay-opacity":"","overlay-gradient":""},"tablet":{"background-color":"","background-image":"","background-repeat":"repeat","background-position":"center center","background-size":"auto","background-attachment":"scroll","background-type":"","background-media":"","overlay-type":"","overlay-color":"","overlay-opacity":"","overlay-gradient":""},"mobile":{"background-color":"","background-image":"","background-repeat":"repeat","background-position":"center center","background-size":"auto","background-attachment":"scroll","background-type":"","background-media":"","overlay-type":"","overlay-color":"","overlay-opacity":"","overlay-gradient":""}},"ast-content-background-meta":{"desktop":{"background-color":"var(--ast-global-color-5)","background-image":"","background-repeat":"repeat","background-position":"center center","background-size":"auto","background-attachment":"scroll","background-type":"","background-media":"","overlay-type":"","overlay-color":"","overlay-opacity":"","overlay-gradient":""},"tablet":{"background-color":"var(--ast-global-color-5)","background-image":"","background-repeat":"repeat","background-position":"center center","background-size":"auto","background-attachment":"scroll","background-type":"","background-media":"","overlay-type":"","overlay-color":"","overlay-opacity":"","overlay-gradient":""},"mobile":{"background-color":"var(--ast-global-color-5)","background-image":"","background-repeat":"repeat","background-position":"center center","background-size":"auto","background-attachment":"scroll","background-type":"","background-media":"","overlay-type":"","overlay-color":"","overlay-opacity":"","overlay-gradient":""}},"footnotes":""},"class_list":["post-4565","page","type-page","status-publish","hentry"],"rttpg_featured_image_url":null,"rttpg_author":{"display_name":"wpadminfiqt","author_link":"https:\/\/www.fiqt.uni.edu.pe\/index.php\/author\/wpadminfiqt\/"},"rttpg_comment":0,"rttpg_category":null,"rttpg_excerpt":"OFICINA DE INVESTIGACI\u00d3N Presentaci\u00f3n La Unidad de Investigacion de la Facultad de Ingenier\u00eda Qu\u00edmica y Textil, est\u00e1 orientada a la investigacion cient\u00edfica, desarrollo tecnol\u00f3gico e innovaci\u00f3n para as\u00ed contribuir con el desarrollo social y los problemas del pa\u00eds. Sus objetivos estrat\u00e9gicos est\u00e1n orientados a los siguientes temas: Generaci\u00f3n y transferencia de conocimiento cient\u00edfico \u2013 tecnol\u00f3gico&hellip;","_links":{"self":[{"href":"https:\/\/www.fiqt.uni.edu.pe\/index.php\/wp-json\/wp\/v2\/pages\/4565","targetHints":{"allow":["GET"]}}],"collection":[{"href":"https:\/\/www.fiqt.uni.edu.pe\/index.php\/wp-json\/wp\/v2\/pages"}],"about":[{"href":"https:\/\/www.fiqt.uni.edu.pe\/index.php\/wp-json\/wp\/v2\/types\/page"}],"author":[{"embeddable":true,"href":"https:\/\/www.fiqt.uni.edu.pe\/index.php\/wp-json\/wp\/v2\/users\/1"}],"replies":[{"embeddable":true,"href":"https:\/\/www.fiqt.uni.edu.pe\/index.php\/wp-json\/wp\/v2\/comments?post=4565"}],"version-history":[{"count":33,"href":"https:\/\/www.fiqt.uni.edu.pe\/index.php\/wp-json\/wp\/v2\/pages\/4565\/revisions"}],"predecessor-version":[{"id":7204,"href":"https:\/\/www.fiqt.uni.edu.pe\/index.php\/wp-json\/wp\/v2\/pages\/4565\/revisions\/7204"}],"wp:attachment":[{"href":"https:\/\/www.fiqt.uni.edu.pe\/index.php\/wp-json\/wp\/v2\/media?parent=4565"}],"curies":[{"name":"wp","href":"https:\/\/api.w.org\/{rel}","templated":true}]}}