{"id":5448,"date":"2023-09-15T10:39:11","date_gmt":"2023-09-15T15:39:11","guid":{"rendered":"https:\/\/www.fiqt.uni.edu.pe\/?page_id=5448"},"modified":"2023-09-15T10:46:11","modified_gmt":"2023-09-15T15:46:11","slug":"lab-n-21","status":"publish","type":"page","link":"https:\/\/www.fiqt.uni.edu.pe\/index.php\/lab-n-21\/","title":{"rendered":"Lab N.\u00b0 21"},"content":{"rendered":"\t\t<div data-elementor-type=\"wp-post\" data-elementor-id=\"5448\" class=\"elementor elementor-5448\" data-elementor-post-type=\"page\">\n\t\t\t\t\t\t<section class=\"elementor-section elementor-top-section elementor-element elementor-element-8c39fce elementor-section-content-middle elementor-section-boxed elementor-section-height-default elementor-section-height-default\" data-id=\"8c39fce\" data-element_type=\"section\" data-settings=\"{&quot;background_background&quot;:&quot;classic&quot;}\">\n\t\t\t\t\t\t\t<div class=\"elementor-background-overlay\"><\/div>\n\t\t\t\t\t\t\t<div class=\"elementor-container elementor-column-gap-no\">\n\t\t\t\t\t<div class=\"elementor-column elementor-col-100 elementor-top-column elementor-element elementor-element-b1952b1\" data-id=\"b1952b1\" data-element_type=\"column\">\n\t\t\t<div class=\"elementor-widget-wrap elementor-element-populated\">\n\t\t\t\t\t\t<div class=\"elementor-element elementor-element-03b93f0 elementor-widget elementor-widget-heading\" data-id=\"03b93f0\" data-element_type=\"widget\" data-widget_type=\"heading.default\">\n\t\t\t\t<div class=\"elementor-widget-container\">\n\t\t\t\t\t<h1 class=\"elementor-heading-title elementor-size-default\">LAB N.\u00b0 21<\/h1>\t\t\t\t<\/div>\n\t\t\t\t<\/div>\n\t\t\t\t\t<\/div>\n\t\t<\/div>\n\t\t\t\t\t<\/div>\n\t\t<\/section>\n\t\t\t\t<section class=\"elementor-section elementor-top-section elementor-element elementor-element-d28c655 elementor-section-full_width elementor-section-height-default elementor-section-height-default\" data-id=\"d28c655\" data-element_type=\"section\" data-settings=\"{&quot;background_background&quot;:&quot;classic&quot;}\">\n\t\t\t\t\t\t<div class=\"elementor-container elementor-column-gap-default\">\n\t\t\t\t\t<div class=\"elementor-column elementor-col-100 elementor-top-column elementor-element elementor-element-997bde8\" data-id=\"997bde8\" data-element_type=\"column\">\n\t\t\t<div class=\"elementor-widget-wrap elementor-element-populated\">\n\t\t\t\t\t\t<section class=\"elementor-section elementor-inner-section elementor-element elementor-element-83b3443 elementor-section-full_width elementor-section-content-middle elementor-section-height-default elementor-section-height-default\" data-id=\"83b3443\" data-element_type=\"section\">\n\t\t\t\t\t\t<div class=\"elementor-container elementor-column-gap-no\">\n\t\t\t\t\t<div class=\"elementor-column elementor-col-50 elementor-inner-column elementor-element elementor-element-fe6e6ed\" data-id=\"fe6e6ed\" data-element_type=\"column\" data-settings=\"{&quot;background_background&quot;:&quot;classic&quot;}\">\n\t\t\t<div class=\"elementor-widget-wrap elementor-element-populated\">\n\t\t\t\t\t\t<div class=\"elementor-element elementor-element-2a5a40c elementor-widget-divider--view-line elementor-widget elementor-widget-divider\" data-id=\"2a5a40c\" data-element_type=\"widget\" data-widget_type=\"divider.default\">\n\t\t\t\t<div class=\"elementor-widget-container\">\n\t\t\t\t\t\t\t<div class=\"elementor-divider\">\n\t\t\t<span class=\"elementor-divider-separator\">\n\t\t\t\t\t\t<\/span>\n\t\t<\/div>\n\t\t\t\t\t\t<\/div>\n\t\t\t\t<\/div>\n\t\t\t\t<div class=\"elementor-element elementor-element-ef5188a elementor-widget elementor-widget-image-box\" data-id=\"ef5188a\" data-element_type=\"widget\" data-widget_type=\"image-box.default\">\n\t\t\t\t<div class=\"elementor-widget-container\">\n\t\t\t\t\t<div class=\"elementor-image-box-wrapper\"><div class=\"elementor-image-box-content\"><h2 class=\"elementor-image-box-title\">Servicios a Terceros<\/h2><p class=\"elementor-image-box-description\">Brindamos apoyo t\u00e9cnico para la mejora continua del sector textil y de confecciones del Per\u00fa<\/p><\/div><\/div>\t\t\t\t<\/div>\n\t\t\t\t<\/div>\n\t\t\t\t<div class=\"elementor-element elementor-element-307ef89 elementor-widget elementor-widget-text-editor\" data-id=\"307ef89\" data-element_type=\"widget\" data-widget_type=\"text-editor.default\">\n\t\t\t\t<div class=\"elementor-widget-container\">\n\t\t\t\t\t\t\t\t\t<div><strong>An\u00e1lisis fisicoqu\u00edmicos en muestras de:<\/strong><\/div><ul><li>Agua<\/li><li>Suelos<\/li><li>Agregados<\/li><li>Reactivos\u00a0<\/li><li>Productos de limpieza<\/li><li>Residuales<\/li><li>Diesel-2<\/li><li>Aceite<\/li><li>Lubricante<\/li><li>Calzado<\/li><li>Desengrasante<\/li><\/ul><div><strong>Jefe del laboratorio N \u00b0 21<\/strong><\/div><div>DR. ING. Edgar Waldo Norabuena Meza<\/div>\t\t\t\t\t\t\t\t<\/div>\n\t\t\t\t<\/div>\n\t\t\t\t\t<\/div>\n\t\t<\/div>\n\t\t\t\t<div class=\"elementor-column elementor-col-50 elementor-inner-column elementor-element elementor-element-7b5ea60\" data-id=\"7b5ea60\" data-element_type=\"column\" data-settings=\"{&quot;background_background&quot;:&quot;slideshow&quot;,&quot;background_slideshow_gallery&quot;:[{&quot;id&quot;:5450,&quot;url&quot;:&quot;https:\\\/\\\/www.fiqt.uni.edu.pe\\\/wp-content\\\/uploads\\\/2023\\\/09\\\/IMG_20230620_114319-scaled.jpg&quot;},{&quot;id&quot;:5451,&quot;url&quot;:&quot;https:\\\/\\\/www.fiqt.uni.edu.pe\\\/wp-content\\\/uploads\\\/2023\\\/09\\\/IMG_20230620_114509-scaled.jpg&quot;},{&quot;id&quot;:5452,&quot;url&quot;:&quot;https:\\\/\\\/www.fiqt.uni.edu.pe\\\/wp-content\\\/uploads\\\/2023\\\/09\\\/IMG_20230620_114522-scaled.jpg&quot;},{&quot;id&quot;:5453,&quot;url&quot;:&quot;https:\\\/\\\/www.fiqt.uni.edu.pe\\\/wp-content\\\/uploads\\\/2023\\\/09\\\/IMG_20230620_114525-scaled.jpg&quot;}],&quot;background_slideshow_loop&quot;:&quot;yes&quot;,&quot;background_slideshow_slide_duration&quot;:5000,&quot;background_slideshow_slide_transition&quot;:&quot;fade&quot;,&quot;background_slideshow_transition_duration&quot;:500}\">\n\t\t\t<div class=\"elementor-widget-wrap\">\n\t\t\t\t\t<div class=\"elementor-background-overlay\"><\/div>\n\t\t\t\t\t\t\t<\/div>\n\t\t<\/div>\n\t\t\t\t\t<\/div>\n\t\t<\/section>\n\t\t\t\t\t<\/div>\n\t\t<\/div>\n\t\t\t\t\t<\/div>\n\t\t<\/section>\n\t\t\t\t<section class=\"elementor-section elementor-top-section elementor-element elementor-element-3a9b7e0 elementor-section-boxed elementor-section-height-default elementor-section-height-default\" data-id=\"3a9b7e0\" data-element_type=\"section\" data-settings=\"{&quot;background_background&quot;:&quot;classic&quot;}\">\n\t\t\t\t\t\t<div class=\"elementor-container elementor-column-gap-default\">\n\t\t\t\t\t<div class=\"elementor-column elementor-col-100 elementor-top-column elementor-element elementor-element-a053cfd\" data-id=\"a053cfd\" data-element_type=\"column\">\n\t\t\t<div class=\"elementor-widget-wrap elementor-element-populated\">\n\t\t\t\t\t\t<div class=\"elementor-element elementor-element-c5768f1 elementor-widget-divider--view-line elementor-widget elementor-widget-divider\" data-id=\"c5768f1\" data-element_type=\"widget\" data-widget_type=\"divider.default\">\n\t\t\t\t<div class=\"elementor-widget-container\">\n\t\t\t\t\t\t\t<div class=\"elementor-divider\">\n\t\t\t<span class=\"elementor-divider-separator\">\n\t\t\t\t\t\t<\/span>\n\t\t<\/div>\n\t\t\t\t\t\t<\/div>\n\t\t\t\t<\/div>\n\t\t\t\t<div class=\"elementor-element elementor-element-0cba6da elementor-widget elementor-widget-image-box\" data-id=\"0cba6da\" data-element_type=\"widget\" data-widget_type=\"image-box.default\">\n\t\t\t\t<div class=\"elementor-widget-container\">\n\t\t\t\t\t<div class=\"elementor-image-box-wrapper\"><div class=\"elementor-image-box-content\"><h2 class=\"elementor-image-box-title\">PAR\u00c1METROS SOLICITADOS:<\/h2><p class=\"elementor-image-box-description\">Elementos solicitados para las distintas practicas de laboratorio<\/p><\/div><\/div>\t\t\t\t<\/div>\n\t\t\t\t<\/div>\n\t\t\t\t<div class=\"elementor-element elementor-element-c996a76 elementor-widget elementor-widget-text-editor\" data-id=\"c996a76\" data-element_type=\"widget\" data-widget_type=\"text-editor.default\">\n\t\t\t\t<div class=\"elementor-widget-container\">\n\t\t\t\t\t\t\t\t\t<div><strong>Sales solubles totales<\/strong><\/div><ul><li>Sulfatos<\/li><li>Cloruros<\/li><li>Materia org\u00e1nica<\/li><li>Acalinidad<\/li><li>Azufre<\/li><li>Plomo<\/li><li>P\u00e9rdida por ignici\u00f3n<\/li><li>Humedad<\/li><li>pH<\/li><li>Carbonatos<\/li><li>S\u00f3lidos en suspensi\u00f3n<\/li><li>Reactividad a los alcalisis (Rc- Sc)<\/li><li>Part\u00edculas livianas<\/li><li>Carb\u00f3n y lignito<\/li><li>Conductividad<\/li><li>\u00cdndice de durabilidad<\/li><li>Biodegradabilidad<\/li><li>Resistividad<\/li><li>Azul de metileno<\/li><li>ABA<\/li><li>Reactividad qu\u00edmica\u00a0(16 d\u00edas)<\/li><li>Redox<\/li><li>Viscosidad<\/li><li>Densidad<\/li><li>\u00c1cidos\u00a0grasos<\/li><\/ul><div><strong>Metales pesados:<\/strong><\/div><ul><li>Cromo<\/li><li>Selenio<\/li><li>Antimonio<\/li><li>Plomo<\/li><li>Bario<\/li><li>Mercurio<\/li><li>Ars\u00e9nico<\/li><li>Cadmio<\/li><li>Manganeso<\/li><\/ul><div>\u00a0<\/div><div><strong>M\u00e9todo:<\/strong><\/div><ul><li>ASTM<\/li><li>APHA<\/li><li>NTP<\/li><li>Gravim\u00e9trico<\/li><li>Destilaci\u00f3n\u00a0fraccionada<\/li><\/ul><div><strong>Muestra m\u00ednima para realizar lo solicitado:\u00a0<\/strong><\/div><ul><li>02 frascos de 0.5 L<\/li><li>02 frascos de 0.5 K<\/li><\/ul>\t\t\t\t\t\t\t\t<\/div>\n\t\t\t\t<\/div>\n\t\t\t\t\t<\/div>\n\t\t<\/div>\n\t\t\t\t\t<\/div>\n\t\t<\/section>\n\t\t\t\t<\/div>\n\t\t","protected":false},"excerpt":{"rendered":"<p>LAB N.\u00b0 21 Servicios a Terceros Brindamos apoyo t\u00e9cnico para la mejora continua del sector textil y de confecciones del Per\u00fa An\u00e1lisis fisicoqu\u00edmicos en muestras de: Agua Suelos Agregados Reactivos\u00a0 Productos de limpieza Residuales Diesel-2 Aceite Lubricante Calzado Desengrasante Jefe del laboratorio N \u00b0 21DR. ING. Edgar Waldo Norabuena Meza PAR\u00c1METROS SOLICITADOS: Elementos solicitados para [&hellip;]<\/p>\n","protected":false},"author":1,"featured_media":0,"parent":0,"menu_order":0,"comment_status":"closed","ping_status":"closed","template":"","meta":{"site-sidebar-layout":"no-sidebar","site-content-layout":"page-builder","ast-site-content-layout":"full-width-container","site-content-style":"unboxed","site-sidebar-style":"unboxed","ast-global-header-display":"","ast-banner-title-visibility":"","ast-main-header-display":"","ast-hfb-above-header-display":"","ast-hfb-below-header-display":"","ast-hfb-mobile-header-display":"","site-post-title":"disabled","ast-breadcrumbs-content":"","ast-featured-img":"disabled","footer-sml-layout":"","theme-transparent-header-meta":"enabled","adv-header-id-meta":"","stick-header-meta":"","header-above-stick-meta":"","header-main-stick-meta":"","header-below-stick-meta":"","astra-migrate-meta-layouts":"set","ast-page-background-enabled":"default","ast-page-background-meta":{"desktop":{"background-color":"","background-image":"","background-repeat":"repeat","background-position":"center center","background-size":"auto","background-attachment":"scroll","background-type":"","background-media":"","overlay-type":"","overlay-color":"","overlay-opacity":"","overlay-gradient":""},"tablet":{"background-color":"","background-image":"","background-repeat":"repeat","background-position":"center center","background-size":"auto","background-attachment":"scroll","background-type":"","background-media":"","overlay-type":"","overlay-color":"","overlay-opacity":"","overlay-gradient":""},"mobile":{"background-color":"","background-image":"","background-repeat":"repeat","background-position":"center center","background-size":"auto","background-attachment":"scroll","background-type":"","background-media":"","overlay-type":"","overlay-color":"","overlay-opacity":"","overlay-gradient":""}},"ast-content-background-meta":{"desktop":{"background-color":"var(--ast-global-color-5)","background-image":"","background-repeat":"repeat","background-position":"center center","background-size":"auto","background-attachment":"scroll","background-type":"","background-media":"","overlay-type":"","overlay-color":"","overlay-opacity":"","overlay-gradient":""},"tablet":{"background-color":"var(--ast-global-color-5)","background-image":"","background-repeat":"repeat","background-position":"center center","background-size":"auto","background-attachment":"scroll","background-type":"","background-media":"","overlay-type":"","overlay-color":"","overlay-opacity":"","overlay-gradient":""},"mobile":{"background-color":"var(--ast-global-color-5)","background-image":"","background-repeat":"repeat","background-position":"center center","background-size":"auto","background-attachment":"scroll","background-type":"","background-media":"","overlay-type":"","overlay-color":"","overlay-opacity":"","overlay-gradient":""}},"footnotes":""},"class_list":["post-5448","page","type-page","status-publish","hentry"],"rttpg_featured_image_url":null,"rttpg_author":{"display_name":"wpadminfiqt","author_link":"https:\/\/www.fiqt.uni.edu.pe\/index.php\/author\/wpadminfiqt\/"},"rttpg_comment":0,"rttpg_category":null,"rttpg_excerpt":"LAB N.\u00b0 21 Servicios a Terceros Brindamos apoyo t\u00e9cnico para la mejora continua del sector textil y de confecciones del Per\u00fa An\u00e1lisis fisicoqu\u00edmicos en muestras de: Agua Suelos Agregados Reactivos\u00a0 Productos de limpieza Residuales Diesel-2 Aceite Lubricante Calzado Desengrasante Jefe del laboratorio N \u00b0 21DR. ING. Edgar Waldo Norabuena Meza PAR\u00c1METROS SOLICITADOS: Elementos solicitados para&hellip;","_links":{"self":[{"href":"https:\/\/www.fiqt.uni.edu.pe\/index.php\/wp-json\/wp\/v2\/pages\/5448","targetHints":{"allow":["GET"]}}],"collection":[{"href":"https:\/\/www.fiqt.uni.edu.pe\/index.php\/wp-json\/wp\/v2\/pages"}],"about":[{"href":"https:\/\/www.fiqt.uni.edu.pe\/index.php\/wp-json\/wp\/v2\/types\/page"}],"author":[{"embeddable":true,"href":"https:\/\/www.fiqt.uni.edu.pe\/index.php\/wp-json\/wp\/v2\/users\/1"}],"replies":[{"embeddable":true,"href":"https:\/\/www.fiqt.uni.edu.pe\/index.php\/wp-json\/wp\/v2\/comments?post=5448"}],"version-history":[{"count":4,"href":"https:\/\/www.fiqt.uni.edu.pe\/index.php\/wp-json\/wp\/v2\/pages\/5448\/revisions"}],"predecessor-version":[{"id":5456,"href":"https:\/\/www.fiqt.uni.edu.pe\/index.php\/wp-json\/wp\/v2\/pages\/5448\/revisions\/5456"}],"wp:attachment":[{"href":"https:\/\/www.fiqt.uni.edu.pe\/index.php\/wp-json\/wp\/v2\/media?parent=5448"}],"curies":[{"name":"wp","href":"https:\/\/api.w.org\/{rel}","templated":true}]}}