{"id":6357,"date":"2024-05-03T10:53:20","date_gmt":"2024-05-03T15:53:20","guid":{"rendered":"https:\/\/www.fiqt.uni.edu.pe\/?page_id=6357"},"modified":"2024-05-07T15:54:43","modified_gmt":"2024-05-07T20:54:43","slug":"iso-45001","status":"publish","type":"page","link":"https:\/\/www.fiqt.uni.edu.pe\/index.php\/iso-45001\/","title":{"rendered":"ISO 45001"},"content":{"rendered":"\t\t<div data-elementor-type=\"wp-post\" data-elementor-id=\"6357\" class=\"elementor elementor-6357\" data-elementor-post-type=\"page\">\n\t\t\t\t\t\t<section class=\"elementor-section elementor-top-section elementor-element elementor-element-8c39fce elementor-section-content-middle elementor-section-boxed elementor-section-height-default elementor-section-height-default\" data-id=\"8c39fce\" data-element_type=\"section\" data-settings=\"{&quot;background_background&quot;:&quot;classic&quot;}\">\n\t\t\t\t\t\t\t<div class=\"elementor-background-overlay\"><\/div>\n\t\t\t\t\t\t\t<div class=\"elementor-container elementor-column-gap-no\">\n\t\t\t\t\t<div class=\"elementor-column elementor-col-100 elementor-top-column elementor-element elementor-element-3dc4e64\" data-id=\"3dc4e64\" data-element_type=\"column\">\n\t\t\t<div class=\"elementor-widget-wrap elementor-element-populated\">\n\t\t\t\t\t\t<div class=\"elementor-element elementor-element-759725c elementor-widget elementor-widget-heading\" data-id=\"759725c\" data-element_type=\"widget\" data-widget_type=\"heading.default\">\n\t\t\t\t<div class=\"elementor-widget-container\">\n\t\t\t\t\t<h1 class=\"elementor-heading-title elementor-size-default\">Sistema de Gesti\u00f3n de Seguridad y Salud en el Trabajo<\/h1>\t\t\t\t<\/div>\n\t\t\t\t<\/div>\n\t\t\t\t\t<\/div>\n\t\t<\/div>\n\t\t\t\t\t<\/div>\n\t\t<\/section>\n\t\t\t\t<section class=\"elementor-section elementor-top-section elementor-element elementor-element-fee8b99 elementor-section-boxed elementor-section-height-default elementor-section-height-default\" data-id=\"fee8b99\" data-element_type=\"section\" data-settings=\"{&quot;background_background&quot;:&quot;classic&quot;}\">\n\t\t\t\t\t\t<div class=\"elementor-container elementor-column-gap-default\">\n\t\t\t\t\t<div class=\"elementor-column elementor-col-50 elementor-top-column elementor-element elementor-element-abf2673\" data-id=\"abf2673\" data-element_type=\"column\">\n\t\t\t<div class=\"elementor-widget-wrap elementor-element-populated\">\n\t\t\t\t\t\t<div class=\"elementor-element elementor-element-ba1561d elementor-widget elementor-widget-heading\" data-id=\"ba1561d\" data-element_type=\"widget\" data-widget_type=\"heading.default\">\n\t\t\t\t<div class=\"elementor-widget-container\">\n\t\t\t\t\t<h3 class=\"elementor-heading-title elementor-size-default\">SISTEMA DE GESTI\u00d3N DE SEGURIDAD Y SALUD EN EL TRABAJO<\/h3>\t\t\t\t<\/div>\n\t\t\t\t<\/div>\n\t\t\t\t<div class=\"elementor-element elementor-element-7c8a3cd elementor-widget-divider--view-line elementor-widget elementor-widget-divider\" data-id=\"7c8a3cd\" data-element_type=\"widget\" data-widget_type=\"divider.default\">\n\t\t\t\t<div class=\"elementor-widget-container\">\n\t\t\t\t\t\t\t<div class=\"elementor-divider\">\n\t\t\t<span class=\"elementor-divider-separator\">\n\t\t\t\t\t\t<\/span>\n\t\t<\/div>\n\t\t\t\t\t\t<\/div>\n\t\t\t\t<\/div>\n\t\t\t\t<div class=\"elementor-element elementor-element-316bcbe elementor-widget elementor-widget-heading\" data-id=\"316bcbe\" data-element_type=\"widget\" data-widget_type=\"heading.default\">\n\t\t\t\t<div class=\"elementor-widget-container\">\n\t\t\t\t\t<h3 class=\"elementor-heading-title elementor-size-default\">Presentaci\u00f3n<\/h3>\t\t\t\t<\/div>\n\t\t\t\t<\/div>\n\t\t\t\t<section class=\"elementor-section elementor-inner-section elementor-element elementor-element-8b095d8 elementor-section-boxed elementor-section-height-default elementor-section-height-default\" data-id=\"8b095d8\" data-element_type=\"section\">\n\t\t\t\t\t\t<div class=\"elementor-container elementor-column-gap-default\">\n\t\t\t\t\t<div class=\"elementor-column elementor-col-50 elementor-inner-column elementor-element elementor-element-1673055\" data-id=\"1673055\" data-element_type=\"column\">\n\t\t\t<div class=\"elementor-widget-wrap elementor-element-populated\">\n\t\t\t\t\t\t<div class=\"elementor-element elementor-element-6412eff elementor-widget elementor-widget-text-editor\" data-id=\"6412eff\" data-element_type=\"widget\" data-widget_type=\"text-editor.default\">\n\t\t\t\t<div class=\"elementor-widget-container\">\n\t\t\t\t\t\t\t\t\t<p style=\"text-align:justify;\">La Facultad de Ingenier\u00eda Qu\u00edmica y Textil, a trav\u00e9s de su Oficina de Acreditaci\u00f3n, ha asumido el total compromiso de garantizar un ambiente de trabajo saludable y seguro para todos los estudiantes, docentes, administrativos as\u00ed como contratistas y visitantes en general en sus instalaciones. Para ello, viene desarrollando las estrategias de Seguridad y Salud en el trabajo, el cual se establece dentro del Plan anual de seguridad y salud en el trabajo de la Facultad. El \u00e9xito de esta gesti\u00f3n nos permitir\u00e1 alcanzar los objetivos de que como entidad p\u00fablica se encuentran establecidos as\u00ed como responder las exigencias legales de la Ley N\u00b029873, su reglamento y otras aplicables as\u00ed como compromisos acad\u00e9micos y sociales asumidos por nuestra Facultad, como la Acreditaci\u00f3n ABET.&nbsp;<\/p>\n<p style=\"text-align:justify;\">Buscando la excelencia y reconocimiento internacional, se ha establecido adem\u00e1s la meta de lograr la certificaci\u00f3n de la norma ISO 45001, Sistema de gesti\u00f3n de seguridad y salud en el trabajo. La obtenci\u00f3n de esta certificaci\u00f3n tendr\u00e1 beneficios de triple impacto (ambiental, social y econ\u00f3mico) para toda nuestra comunidad y ser\u00e1 esencial para la mejora continua de nuestra Facultad de Ingenier\u00eda Qu\u00edmica y Textil&nbsp;<\/p>\n<p style=\"text-align:center;\">\u00a1Les invitamos a explorar m\u00e1s sobre las estrategias, actividades y logros de nuestra Facultad!<\/p>\t\t\t\t\t\t\t\t<\/div>\n\t\t\t\t<\/div>\n\t\t\t\t\t<\/div>\n\t\t<\/div>\n\t\t\t\t<div class=\"elementor-column elementor-col-50 elementor-inner-column elementor-element elementor-element-f425d90\" data-id=\"f425d90\" data-element_type=\"column\" data-settings=\"{&quot;background_background&quot;:&quot;classic&quot;}\">\n\t\t\t<div class=\"elementor-widget-wrap elementor-element-populated\">\n\t\t\t\t\t\t<div class=\"elementor-element elementor-element-f96640d elementor-widget elementor-widget-image\" data-id=\"f96640d\" data-element_type=\"widget\" data-widget_type=\"image.default\">\n\t\t\t\t<div class=\"elementor-widget-container\">\n\t\t\t\t\t\t\t\t\t\t\t\t\t\t\t<img fetchpriority=\"high\" decoding=\"async\" width=\"500\" height=\"500\" src=\"https:\/\/www.fiqt.uni.edu.pe\/wp-content\/uploads\/2024\/05\/ISO-45001.png\" class=\"attachment-large size-large wp-image-6393\" alt=\"\" srcset=\"https:\/\/www.fiqt.uni.edu.pe\/wp-content\/uploads\/2024\/05\/ISO-45001.png 500w, https:\/\/www.fiqt.uni.edu.pe\/wp-content\/uploads\/2024\/05\/ISO-45001-300x300.png 300w, https:\/\/www.fiqt.uni.edu.pe\/wp-content\/uploads\/2024\/05\/ISO-45001-150x150.png 150w\" sizes=\"(max-width: 500px) 100vw, 500px\" \/>\t\t\t\t\t\t\t\t\t\t\t\t\t\t\t<\/div>\n\t\t\t\t<\/div>\n\t\t\t\t\t<\/div>\n\t\t<\/div>\n\t\t\t\t\t<\/div>\n\t\t<\/section>\n\t\t\t\t\t<\/div>\n\t\t<\/div>\n\t\t\t\t<div class=\"elementor-column elementor-col-50 elementor-top-column elementor-element elementor-element-d5d1f3b\" data-id=\"d5d1f3b\" data-element_type=\"column\">\n\t\t\t<div class=\"elementor-widget-wrap elementor-element-populated\">\n\t\t\t\t\t\t<section class=\"elementor-section elementor-inner-section elementor-element elementor-element-48548ac elementor-section-boxed elementor-section-height-default elementor-section-height-default\" data-id=\"48548ac\" data-element_type=\"section\">\n\t\t\t\t\t\t<div class=\"elementor-container elementor-column-gap-default\">\n\t\t\t\t\t<div class=\"elementor-column elementor-col-100 elementor-inner-column elementor-element elementor-element-729e0fd\" data-id=\"729e0fd\" data-element_type=\"column\" data-settings=\"{&quot;background_background&quot;:&quot;classic&quot;}\">\n\t\t\t<div class=\"elementor-widget-wrap elementor-element-populated\">\n\t\t\t\t\t\t<div class=\"elementor-element elementor-element-ea0955a elementor-widget elementor-widget-text-editor\" data-id=\"ea0955a\" data-element_type=\"widget\" data-widget_type=\"text-editor.default\">\n\t\t\t\t<div class=\"elementor-widget-container\">\n\t\t\t\t\t\t\t\t\t<p><strong>Sistema de Gesti\u00f3n de Seguridad y Salud en el Trabajo<\/strong><\/p><ul><li><a href=\"https:\/\/www.fiqt.uni.edu.pe\/index.php\/iso-45001\/\">Presentaci\u00f3n<\/a><\/li><li><a href=\"https:\/\/www.fiqt.uni.edu.pe\/index.php\/sgsst-justificacion\/\">Justificaci\u00f3n<\/a><\/li><li><a href=\"https:\/\/www.fiqt.uni.edu.pe\/index.php\/sgsst-politica\/\">Pol\u00edtica Integrada<\/a><\/li><li>Oficina de Seguridad<\/li><li>Objetivos SST<\/li><li>Recursos SGSST<\/li><li>Reporte de actos o condiciones inseguras<\/li><li>Brigada ante emergencias<\/li><li>Indicadores SST<\/li><li>Noticias y Eventos<\/li><li>Aula Virtual SIG<\/li><\/ul>\t\t\t\t\t\t\t\t<\/div>\n\t\t\t\t<\/div>\n\t\t\t\t\t<\/div>\n\t\t<\/div>\n\t\t\t\t\t<\/div>\n\t\t<\/section>\n\t\t\t\t\t<\/div>\n\t\t<\/div>\n\t\t\t\t\t<\/div>\n\t\t<\/section>\n\t\t\t\t<\/div>\n\t\t","protected":false},"excerpt":{"rendered":"<p>Sistema de Gesti\u00f3n de Seguridad y Salud en el Trabajo SISTEMA DE GESTI\u00d3N DE SEGURIDAD Y SALUD EN EL TRABAJO Presentaci\u00f3n La Facultad de Ingenier\u00eda Qu\u00edmica y Textil, a trav\u00e9s de su Oficina de Acreditaci\u00f3n, ha asumido el total compromiso de garantizar un ambiente de trabajo saludable y seguro para todos los estudiantes, docentes, administrativos [&hellip;]<\/p>\n","protected":false},"author":1,"featured_media":0,"parent":0,"menu_order":0,"comment_status":"closed","ping_status":"closed","template":"","meta":{"site-sidebar-layout":"no-sidebar","site-content-layout":"page-builder","ast-site-content-layout":"full-width-container","site-content-style":"unboxed","site-sidebar-style":"unboxed","ast-global-header-display":"","ast-banner-title-visibility":"","ast-main-header-display":"","ast-hfb-above-header-display":"","ast-hfb-below-header-display":"","ast-hfb-mobile-header-display":"","site-post-title":"disabled","ast-breadcrumbs-content":"","ast-featured-img":"disabled","footer-sml-layout":"","theme-transparent-header-meta":"enabled","adv-header-id-meta":"","stick-header-meta":"","header-above-stick-meta":"","header-main-stick-meta":"","header-below-stick-meta":"","astra-migrate-meta-layouts":"set","ast-page-background-enabled":"default","ast-page-background-meta":{"desktop":{"background-color":"","background-image":"","background-repeat":"repeat","background-position":"center center","background-size":"auto","background-attachment":"scroll","background-type":"","background-media":"","overlay-type":"","overlay-color":"","overlay-opacity":"","overlay-gradient":""},"tablet":{"background-color":"","background-image":"","background-repeat":"repeat","background-position":"center center","background-size":"auto","background-attachment":"scroll","background-type":"","background-media":"","overlay-type":"","overlay-color":"","overlay-opacity":"","overlay-gradient":""},"mobile":{"background-color":"","background-image":"","background-repeat":"repeat","background-position":"center center","background-size":"auto","background-attachment":"scroll","background-type":"","background-media":"","overlay-type":"","overlay-color":"","overlay-opacity":"","overlay-gradient":""}},"ast-content-background-meta":{"desktop":{"background-color":"var(--ast-global-color-5)","background-image":"","background-repeat":"repeat","background-position":"center center","background-size":"auto","background-attachment":"scroll","background-type":"","background-media":"","overlay-type":"","overlay-color":"","overlay-opacity":"","overlay-gradient":""},"tablet":{"background-color":"var(--ast-global-color-5)","background-image":"","background-repeat":"repeat","background-position":"center center","background-size":"auto","background-attachment":"scroll","background-type":"","background-media":"","overlay-type":"","overlay-color":"","overlay-opacity":"","overlay-gradient":""},"mobile":{"background-color":"var(--ast-global-color-5)","background-image":"","background-repeat":"repeat","background-position":"center center","background-size":"auto","background-attachment":"scroll","background-type":"","background-media":"","overlay-type":"","overlay-color":"","overlay-opacity":"","overlay-gradient":""}},"footnotes":""},"class_list":["post-6357","page","type-page","status-publish","hentry"],"rttpg_featured_image_url":null,"rttpg_author":{"display_name":"wpadminfiqt","author_link":"https:\/\/www.fiqt.uni.edu.pe\/index.php\/author\/wpadminfiqt\/"},"rttpg_comment":0,"rttpg_category":null,"rttpg_excerpt":"Sistema de Gesti\u00f3n de Seguridad y Salud en el Trabajo SISTEMA DE GESTI\u00d3N DE SEGURIDAD Y SALUD EN EL TRABAJO Presentaci\u00f3n La Facultad de Ingenier\u00eda Qu\u00edmica y Textil, a trav\u00e9s de su Oficina de Acreditaci\u00f3n, ha asumido el total compromiso de garantizar un ambiente de trabajo saludable y seguro para todos los estudiantes, docentes, administrativos&hellip;","_links":{"self":[{"href":"https:\/\/www.fiqt.uni.edu.pe\/index.php\/wp-json\/wp\/v2\/pages\/6357","targetHints":{"allow":["GET"]}}],"collection":[{"href":"https:\/\/www.fiqt.uni.edu.pe\/index.php\/wp-json\/wp\/v2\/pages"}],"about":[{"href":"https:\/\/www.fiqt.uni.edu.pe\/index.php\/wp-json\/wp\/v2\/types\/page"}],"author":[{"embeddable":true,"href":"https:\/\/www.fiqt.uni.edu.pe\/index.php\/wp-json\/wp\/v2\/users\/1"}],"replies":[{"embeddable":true,"href":"https:\/\/www.fiqt.uni.edu.pe\/index.php\/wp-json\/wp\/v2\/comments?post=6357"}],"version-history":[{"count":19,"href":"https:\/\/www.fiqt.uni.edu.pe\/index.php\/wp-json\/wp\/v2\/pages\/6357\/revisions"}],"predecessor-version":[{"id":6441,"href":"https:\/\/www.fiqt.uni.edu.pe\/index.php\/wp-json\/wp\/v2\/pages\/6357\/revisions\/6441"}],"wp:attachment":[{"href":"https:\/\/www.fiqt.uni.edu.pe\/index.php\/wp-json\/wp\/v2\/media?parent=6357"}],"curies":[{"name":"wp","href":"https:\/\/api.w.org\/{rel}","templated":true}]}}