{"id":6380,"date":"2024-05-06T12:03:28","date_gmt":"2024-05-06T17:03:28","guid":{"rendered":"https:\/\/www.fiqt.uni.edu.pe\/?page_id=6380"},"modified":"2024-05-07T15:46:12","modified_gmt":"2024-05-07T20:46:12","slug":"sga-justificacion","status":"publish","type":"page","link":"https:\/\/www.fiqt.uni.edu.pe\/index.php\/sga-justificacion\/","title":{"rendered":"SGA Justificacion"},"content":{"rendered":"\t\t<div data-elementor-type=\"wp-post\" data-elementor-id=\"6380\" class=\"elementor elementor-6380\" data-elementor-post-type=\"page\">\n\t\t\t\t\t\t<section class=\"elementor-section elementor-top-section elementor-element elementor-element-8c39fce elementor-section-content-middle elementor-section-boxed elementor-section-height-default elementor-section-height-default\" data-id=\"8c39fce\" data-element_type=\"section\" data-settings=\"{&quot;background_background&quot;:&quot;classic&quot;}\">\n\t\t\t\t\t\t\t<div class=\"elementor-background-overlay\"><\/div>\n\t\t\t\t\t\t\t<div class=\"elementor-container elementor-column-gap-no\">\n\t\t\t\t\t<div class=\"elementor-column elementor-col-100 elementor-top-column elementor-element elementor-element-3dc4e64\" data-id=\"3dc4e64\" data-element_type=\"column\">\n\t\t\t<div class=\"elementor-widget-wrap elementor-element-populated\">\n\t\t\t\t\t\t<div class=\"elementor-element elementor-element-759725c elementor-widget elementor-widget-heading\" data-id=\"759725c\" data-element_type=\"widget\" data-widget_type=\"heading.default\">\n\t\t\t\t<div class=\"elementor-widget-container\">\n\t\t\t\t\t<h1 class=\"elementor-heading-title elementor-size-default\">Sistema de Gesti\u00f3n Ambiental<\/h1>\t\t\t\t<\/div>\n\t\t\t\t<\/div>\n\t\t\t\t<div class=\"elementor-element elementor-element-85cd63e elementor-widget elementor-widget-heading\" data-id=\"85cd63e\" data-element_type=\"widget\" data-widget_type=\"heading.default\">\n\t\t\t\t<div class=\"elementor-widget-container\">\n\t\t\t\t\t<h2 class=\"elementor-heading-title elementor-size-default\">Justificaci\u00f3n<\/h2>\t\t\t\t<\/div>\n\t\t\t\t<\/div>\n\t\t\t\t\t<\/div>\n\t\t<\/div>\n\t\t\t\t\t<\/div>\n\t\t<\/section>\n\t\t\t\t<section class=\"elementor-section elementor-top-section elementor-element elementor-element-2a266aa elementor-section-boxed elementor-section-height-default elementor-section-height-default\" data-id=\"2a266aa\" data-element_type=\"section\" data-settings=\"{&quot;background_background&quot;:&quot;classic&quot;}\">\n\t\t\t\t\t\t<div class=\"elementor-container elementor-column-gap-default\">\n\t\t\t\t\t<div class=\"elementor-column elementor-col-50 elementor-top-column elementor-element elementor-element-2c8fddd\" data-id=\"2c8fddd\" data-element_type=\"column\">\n\t\t\t<div class=\"elementor-widget-wrap elementor-element-populated\">\n\t\t\t\t\t\t<div class=\"elementor-element elementor-element-702848e elementor-widget elementor-widget-heading\" data-id=\"702848e\" data-element_type=\"widget\" data-widget_type=\"heading.default\">\n\t\t\t\t<div class=\"elementor-widget-container\">\n\t\t\t\t\t<h3 class=\"elementor-heading-title elementor-size-default\">SISTEMA DE GESTI\u00d3N AMBIENTAL<\/h3>\t\t\t\t<\/div>\n\t\t\t\t<\/div>\n\t\t\t\t<div class=\"elementor-element elementor-element-822dc5b elementor-widget-divider--view-line elementor-widget elementor-widget-divider\" data-id=\"822dc5b\" data-element_type=\"widget\" data-widget_type=\"divider.default\">\n\t\t\t\t<div class=\"elementor-widget-container\">\n\t\t\t\t\t\t\t<div class=\"elementor-divider\">\n\t\t\t<span class=\"elementor-divider-separator\">\n\t\t\t\t\t\t<\/span>\n\t\t<\/div>\n\t\t\t\t\t\t<\/div>\n\t\t\t\t<\/div>\n\t\t\t\t<div class=\"elementor-element elementor-element-da90925 elementor-widget elementor-widget-heading\" data-id=\"da90925\" data-element_type=\"widget\" data-widget_type=\"heading.default\">\n\t\t\t\t<div class=\"elementor-widget-container\">\n\t\t\t\t\t<h3 class=\"elementor-heading-title elementor-size-default\">Justificaci\u00f3n<\/h3>\t\t\t\t<\/div>\n\t\t\t\t<\/div>\n\t\t\t\t<section class=\"elementor-section elementor-inner-section elementor-element elementor-element-4e0d902 elementor-section-boxed elementor-section-height-default elementor-section-height-default\" data-id=\"4e0d902\" data-element_type=\"section\">\n\t\t\t\t\t\t<div class=\"elementor-container elementor-column-gap-default\">\n\t\t\t\t\t<div class=\"elementor-column elementor-col-100 elementor-inner-column elementor-element elementor-element-caa3a04\" data-id=\"caa3a04\" data-element_type=\"column\">\n\t\t\t<div class=\"elementor-widget-wrap elementor-element-populated\">\n\t\t\t\t\t\t<div class=\"elementor-element elementor-element-253c6fc elementor-widget elementor-widget-text-editor\" data-id=\"253c6fc\" data-element_type=\"widget\" data-widget_type=\"text-editor.default\">\n\t\t\t\t<div class=\"elementor-widget-container\">\n\t\t\t\t\t\t\t\t\t<p style=\"text-align: justify;\"><span style=\"font-family: 'Arial',sans-serif; font-size: 11.0pt;\"><span style=\"line-height: 107%;\">La Universidad Nacional de Ingenier\u00eda tiene como misi\u00f3n formar profesionales lideres en ciencias, ingenier\u00eda y arquitectura de manera humanista comprometidos en la mejora continua de la calidad ya la responsabilidad social, contribuyendo al desarrollo sostenible del pa\u00eds. Asimismo, alineados a las actuales exigencias educativas expresadas en las Condiciones B\u00e1sicas de Calidad (SUNEDU) y el Modelo de Acreditaci\u00f3n para programas de estudios de educaci\u00f3n superior universitaria (SINEACE), la Facultad de Ingenier\u00eda Qu\u00edmica y Textil (en adelante, FIQT) ha replanteado y asumido como propia todos los esfuerzos para convertir la Sostenibilidad en uno de los ejes principales de esta gesti\u00f3n e integrarlo a los compromisos tanto en el \u00e1mbito de la docencia y la investigaci\u00f3n como en el \u00e1mbito de la gesti\u00f3n.<\/span><\/span><\/p><p style=\"text-align: justify;\"><span style=\"font-family: 'Arial',sans-serif; font-size: 11.0pt;\"><span style=\"line-height: 107%;\">Es importante destacar que este nuevo paradigma se enfoca en formar a profesionales de manera hol\u00edstica, con amplia conciencia de la integraci\u00f3n entre sus competencias acad\u00e9micas y la protecci\u00f3n del ambiente, el cual a su vez se encuentra enmarcado dentro de los actuales Objetivos de Desarrollo Sostenible (ODS) establecidos en la Agenda 2030 de la Organizaci\u00f3n de las Naciones Unidas (ONU).<\/span><\/span><\/p><p style=\"text-align: justify;\"><span style=\"font-family: 'Arial',sans-serif; font-size: 11.0pt;\">Esta norma ISO 14001 tiene como objetivo principal la protecci\u00f3n del ambiente y responder a las condiciones ambientales cambiantes, en equilibrio con las necesidades socioecon\u00f3micas. Precisamente, esta norma brinda requisitos que permitir\u00e1n que nuestra Facultad logre los resultados previstos que han sido establecidos para el sistema de gesti\u00f3n ambiental.<\/span><\/p><p style=\"text-align: justify;\"><span style=\"font-family: 'Arial',sans-serif; font-size: 11.0pt;\">Es destacable que mediante la consecuci\u00f3n de esta certificaci\u00f3n ISO 14001, aportamos tambi\u00e9n al logro de los objetivos (OEI.04) establecidos en el Plan Estrat\u00e9gico Institucional 2020-2026 y responde, a su vez, al cumplimiento de lo establecido en el Plan de Gesti\u00f3n Ambiental 2023-2026 por lo que se realza el gran impacto positivo de las acciones que se vienen realizando en nuestra Facultad.<\/span><\/p><p style=\"text-align: justify;\"><span style=\"font-family: 'Arial',sans-serif; font-size: 11.0pt;\">Los invitamos a aportar su iniciativa y buena voluntad a fin de lograr juntos este objetivo que galardonar\u00e1 el prestigio de nuestra Facultad frente a nuestra comunidad universitaria y la Sociedad en general. Asimismo, les mostramos algunas de las actividades que se vienen realizando en el marco de la implementaci\u00f3n de esta norma internacional.<\/span><\/p>\t\t\t\t\t\t\t\t<\/div>\n\t\t\t\t<\/div>\n\t\t\t\t<div class=\"elementor-element elementor-element-14b923f elementor-widget elementor-widget-image\" data-id=\"14b923f\" data-element_type=\"widget\" data-widget_type=\"image.default\">\n\t\t\t\t<div class=\"elementor-widget-container\">\n\t\t\t\t\t\t\t\t\t\t\t\t\t\t\t<img fetchpriority=\"high\" decoding=\"async\" width=\"1024\" height=\"549\" src=\"https:\/\/www.fiqt.uni.edu.pe\/wp-content\/uploads\/2024\/04\/Capacitacion-en-Manejo-y-segregacion-de-residuos-1024x549.png\" class=\"attachment-large size-large wp-image-6348\" alt=\"\" srcset=\"https:\/\/www.fiqt.uni.edu.pe\/wp-content\/uploads\/2024\/04\/Capacitacion-en-Manejo-y-segregacion-de-residuos-1024x549.png 1024w, https:\/\/www.fiqt.uni.edu.pe\/wp-content\/uploads\/2024\/04\/Capacitacion-en-Manejo-y-segregacion-de-residuos-300x161.png 300w, https:\/\/www.fiqt.uni.edu.pe\/wp-content\/uploads\/2024\/04\/Capacitacion-en-Manejo-y-segregacion-de-residuos-768x412.png 768w, https:\/\/www.fiqt.uni.edu.pe\/wp-content\/uploads\/2024\/04\/Capacitacion-en-Manejo-y-segregacion-de-residuos.png 1115w\" sizes=\"(max-width: 1024px) 100vw, 1024px\" \/>\t\t\t\t\t\t\t\t\t\t\t\t\t\t\t<\/div>\n\t\t\t\t<\/div>\n\t\t\t\t<div class=\"elementor-element elementor-element-7bd7e09 elementor-widget elementor-widget-heading\" data-id=\"7bd7e09\" data-element_type=\"widget\" data-widget_type=\"heading.default\">\n\t\t\t\t<div class=\"elementor-widget-container\">\n\t\t\t\t\t<h4 class=\"elementor-heading-title elementor-size-default\">Capacitaci\u00f3n en Manejo y segregaci\u00f3n de residuos<\/h4>\t\t\t\t<\/div>\n\t\t\t\t<\/div>\n\t\t\t\t\t<\/div>\n\t\t<\/div>\n\t\t\t\t\t<\/div>\n\t\t<\/section>\n\t\t\t\t\t<\/div>\n\t\t<\/div>\n\t\t\t\t<div class=\"elementor-column elementor-col-50 elementor-top-column elementor-element elementor-element-e008d97\" data-id=\"e008d97\" data-element_type=\"column\">\n\t\t\t<div class=\"elementor-widget-wrap elementor-element-populated\">\n\t\t\t\t\t\t<section class=\"elementor-section elementor-inner-section elementor-element elementor-element-9dd740f elementor-section-boxed elementor-section-height-default elementor-section-height-default\" data-id=\"9dd740f\" data-element_type=\"section\">\n\t\t\t\t\t\t<div class=\"elementor-container elementor-column-gap-default\">\n\t\t\t\t\t<div class=\"elementor-column elementor-col-100 elementor-inner-column elementor-element elementor-element-c45f35b\" data-id=\"c45f35b\" data-element_type=\"column\" data-settings=\"{&quot;background_background&quot;:&quot;classic&quot;}\">\n\t\t\t<div class=\"elementor-widget-wrap elementor-element-populated\">\n\t\t\t\t\t\t<div class=\"elementor-element elementor-element-84bbce8 elementor-widget elementor-widget-text-editor\" data-id=\"84bbce8\" data-element_type=\"widget\" data-widget_type=\"text-editor.default\">\n\t\t\t\t<div class=\"elementor-widget-container\">\n\t\t\t\t\t\t\t\t\t<p><strong>Sistema de Gesti\u00f3n Ambiental<\/strong><\/p><ul><li><a href=\"https:\/\/www.fiqt.uni.edu.pe\/index.php\/iso-14001\/\">Presentaci\u00f3n<\/a><\/li><li><a href=\"https:\/\/www.fiqt.uni.edu.pe\/index.php\/sga-justificacion\/\">Justificaci\u00f3n<\/a><\/li><li><a href=\"https:\/\/www.fiqt.uni.edu.pe\/index.php\/sga-politica\/\">Pol\u00edtica de gesti\u00f3n<\/a><\/li><li>Ejes de Sostenibilidad<\/li><li>Objetivos Ambientales<\/li><li>Brigadas ambientales<\/li><li>Comunicaciones<\/li><li>Noticias y eventos<\/li><li>Aula Virtual SIG<\/li><\/ul>\t\t\t\t\t\t\t\t<\/div>\n\t\t\t\t<\/div>\n\t\t\t\t\t<\/div>\n\t\t<\/div>\n\t\t\t\t\t<\/div>\n\t\t<\/section>\n\t\t\t\t\t<\/div>\n\t\t<\/div>\n\t\t\t\t\t<\/div>\n\t\t<\/section>\n\t\t\t\t<\/div>\n\t\t","protected":false},"excerpt":{"rendered":"<p>Sistema de Gesti\u00f3n Ambiental Justificaci\u00f3n SISTEMA DE GESTI\u00d3N AMBIENTAL Justificaci\u00f3n La Universidad Nacional de Ingenier\u00eda tiene como misi\u00f3n formar profesionales lideres en ciencias, ingenier\u00eda y arquitectura de manera humanista comprometidos en la mejora continua de la calidad ya la responsabilidad social, contribuyendo al desarrollo sostenible del pa\u00eds. Asimismo, alineados a las actuales exigencias educativas expresadas [&hellip;]<\/p>\n","protected":false},"author":1,"featured_media":0,"parent":0,"menu_order":0,"comment_status":"closed","ping_status":"closed","template":"","meta":{"site-sidebar-layout":"no-sidebar","site-content-layout":"page-builder","ast-site-content-layout":"full-width-container","site-content-style":"unboxed","site-sidebar-style":"unboxed","ast-global-header-display":"","ast-banner-title-visibility":"","ast-main-header-display":"","ast-hfb-above-header-display":"","ast-hfb-below-header-display":"","ast-hfb-mobile-header-display":"","site-post-title":"disabled","ast-breadcrumbs-content":"","ast-featured-img":"disabled","footer-sml-layout":"","theme-transparent-header-meta":"enabled","adv-header-id-meta":"","stick-header-meta":"","header-above-stick-meta":"","header-main-stick-meta":"","header-below-stick-meta":"","astra-migrate-meta-layouts":"set","ast-page-background-enabled":"default","ast-page-background-meta":{"desktop":{"background-color":"","background-image":"","background-repeat":"repeat","background-position":"center center","background-size":"auto","background-attachment":"scroll","background-type":"","background-media":"","overlay-type":"","overlay-color":"","overlay-opacity":"","overlay-gradient":""},"tablet":{"background-color":"","background-image":"","background-repeat":"repeat","background-position":"center center","background-size":"auto","background-attachment":"scroll","background-type":"","background-media":"","overlay-type":"","overlay-color":"","overlay-opacity":"","overlay-gradient":""},"mobile":{"background-color":"","background-image":"","background-repeat":"repeat","background-position":"center center","background-size":"auto","background-attachment":"scroll","background-type":"","background-media":"","overlay-type":"","overlay-color":"","overlay-opacity":"","overlay-gradient":""}},"ast-content-background-meta":{"desktop":{"background-color":"var(--ast-global-color-5)","background-image":"","background-repeat":"repeat","background-position":"center center","background-size":"auto","background-attachment":"scroll","background-type":"","background-media":"","overlay-type":"","overlay-color":"","overlay-opacity":"","overlay-gradient":""},"tablet":{"background-color":"var(--ast-global-color-5)","background-image":"","background-repeat":"repeat","background-position":"center center","background-size":"auto","background-attachment":"scroll","background-type":"","background-media":"","overlay-type":"","overlay-color":"","overlay-opacity":"","overlay-gradient":""},"mobile":{"background-color":"var(--ast-global-color-5)","background-image":"","background-repeat":"repeat","background-position":"center center","background-size":"auto","background-attachment":"scroll","background-type":"","background-media":"","overlay-type":"","overlay-color":"","overlay-opacity":"","overlay-gradient":""}},"footnotes":""},"class_list":["post-6380","page","type-page","status-publish","hentry"],"rttpg_featured_image_url":null,"rttpg_author":{"display_name":"wpadminfiqt","author_link":"https:\/\/www.fiqt.uni.edu.pe\/index.php\/author\/wpadminfiqt\/"},"rttpg_comment":0,"rttpg_category":null,"rttpg_excerpt":"Sistema de Gesti\u00f3n Ambiental Justificaci\u00f3n SISTEMA DE GESTI\u00d3N AMBIENTAL Justificaci\u00f3n La Universidad Nacional de Ingenier\u00eda tiene como misi\u00f3n formar profesionales lideres en ciencias, ingenier\u00eda y arquitectura de manera humanista comprometidos en la mejora continua de la calidad ya la responsabilidad social, contribuyendo al desarrollo sostenible del pa\u00eds. Asimismo, alineados a las actuales exigencias educativas expresadas&hellip;","_links":{"self":[{"href":"https:\/\/www.fiqt.uni.edu.pe\/index.php\/wp-json\/wp\/v2\/pages\/6380","targetHints":{"allow":["GET"]}}],"collection":[{"href":"https:\/\/www.fiqt.uni.edu.pe\/index.php\/wp-json\/wp\/v2\/pages"}],"about":[{"href":"https:\/\/www.fiqt.uni.edu.pe\/index.php\/wp-json\/wp\/v2\/types\/page"}],"author":[{"embeddable":true,"href":"https:\/\/www.fiqt.uni.edu.pe\/index.php\/wp-json\/wp\/v2\/users\/1"}],"replies":[{"embeddable":true,"href":"https:\/\/www.fiqt.uni.edu.pe\/index.php\/wp-json\/wp\/v2\/comments?post=6380"}],"version-history":[{"count":7,"href":"https:\/\/www.fiqt.uni.edu.pe\/index.php\/wp-json\/wp\/v2\/pages\/6380\/revisions"}],"predecessor-version":[{"id":6427,"href":"https:\/\/www.fiqt.uni.edu.pe\/index.php\/wp-json\/wp\/v2\/pages\/6380\/revisions\/6427"}],"wp:attachment":[{"href":"https:\/\/www.fiqt.uni.edu.pe\/index.php\/wp-json\/wp\/v2\/media?parent=6380"}],"curies":[{"name":"wp","href":"https:\/\/api.w.org\/{rel}","templated":true}]}}