{"id":6394,"date":"2024-05-07T15:14:32","date_gmt":"2024-05-07T20:14:32","guid":{"rendered":"https:\/\/www.fiqt.uni.edu.pe\/?page_id=6394"},"modified":"2024-05-07T15:57:11","modified_gmt":"2024-05-07T20:57:11","slug":"sgsst-justificacion","status":"publish","type":"page","link":"https:\/\/www.fiqt.uni.edu.pe\/index.php\/sgsst-justificacion\/","title":{"rendered":"SGSST Justificacion"},"content":{"rendered":"\t\t<div data-elementor-type=\"wp-post\" data-elementor-id=\"6394\" class=\"elementor elementor-6394\" data-elementor-post-type=\"page\">\n\t\t\t\t\t\t<section class=\"elementor-section elementor-top-section elementor-element elementor-element-8c39fce elementor-section-content-middle elementor-section-boxed elementor-section-height-default elementor-section-height-default\" data-id=\"8c39fce\" data-element_type=\"section\" data-settings=\"{&quot;background_background&quot;:&quot;classic&quot;}\">\n\t\t\t\t\t\t\t<div class=\"elementor-background-overlay\"><\/div>\n\t\t\t\t\t\t\t<div class=\"elementor-container elementor-column-gap-no\">\n\t\t\t\t\t<div class=\"elementor-column elementor-col-100 elementor-top-column elementor-element elementor-element-3dc4e64\" data-id=\"3dc4e64\" data-element_type=\"column\">\n\t\t\t<div class=\"elementor-widget-wrap elementor-element-populated\">\n\t\t\t\t\t\t<div class=\"elementor-element elementor-element-759725c elementor-widget elementor-widget-heading\" data-id=\"759725c\" data-element_type=\"widget\" data-widget_type=\"heading.default\">\n\t\t\t\t<div class=\"elementor-widget-container\">\n\t\t\t\t\t<h1 class=\"elementor-heading-title elementor-size-default\">Sistema de Gesti\u00f3n de Seguridad y Salud en el Trabajo<\/h1>\t\t\t\t<\/div>\n\t\t\t\t<\/div>\n\t\t\t\t<div class=\"elementor-element elementor-element-85cd63e elementor-widget elementor-widget-heading\" data-id=\"85cd63e\" data-element_type=\"widget\" data-widget_type=\"heading.default\">\n\t\t\t\t<div class=\"elementor-widget-container\">\n\t\t\t\t\t<h2 class=\"elementor-heading-title elementor-size-default\">Justificaci\u00f3n<\/h2>\t\t\t\t<\/div>\n\t\t\t\t<\/div>\n\t\t\t\t\t<\/div>\n\t\t<\/div>\n\t\t\t\t\t<\/div>\n\t\t<\/section>\n\t\t\t\t<section class=\"elementor-section elementor-top-section elementor-element elementor-element-2a266aa elementor-section-boxed elementor-section-height-default elementor-section-height-default\" data-id=\"2a266aa\" data-element_type=\"section\" data-settings=\"{&quot;background_background&quot;:&quot;classic&quot;}\">\n\t\t\t\t\t\t<div class=\"elementor-container elementor-column-gap-default\">\n\t\t\t\t\t<div class=\"elementor-column elementor-col-50 elementor-top-column elementor-element elementor-element-2c8fddd\" data-id=\"2c8fddd\" data-element_type=\"column\">\n\t\t\t<div class=\"elementor-widget-wrap elementor-element-populated\">\n\t\t\t\t\t\t<div class=\"elementor-element elementor-element-702848e elementor-widget elementor-widget-heading\" data-id=\"702848e\" data-element_type=\"widget\" data-widget_type=\"heading.default\">\n\t\t\t\t<div class=\"elementor-widget-container\">\n\t\t\t\t\t<h3 class=\"elementor-heading-title elementor-size-default\">SISTEMA DE GESTI\u00d3N DE SEGURIDAD Y SALUD EN EL TRABAJO<\/h3>\t\t\t\t<\/div>\n\t\t\t\t<\/div>\n\t\t\t\t<div class=\"elementor-element elementor-element-822dc5b elementor-widget-divider--view-line elementor-widget elementor-widget-divider\" data-id=\"822dc5b\" data-element_type=\"widget\" data-widget_type=\"divider.default\">\n\t\t\t\t<div class=\"elementor-widget-container\">\n\t\t\t\t\t\t\t<div class=\"elementor-divider\">\n\t\t\t<span class=\"elementor-divider-separator\">\n\t\t\t\t\t\t<\/span>\n\t\t<\/div>\n\t\t\t\t\t\t<\/div>\n\t\t\t\t<\/div>\n\t\t\t\t<div class=\"elementor-element elementor-element-da90925 elementor-widget elementor-widget-heading\" data-id=\"da90925\" data-element_type=\"widget\" data-widget_type=\"heading.default\">\n\t\t\t\t<div class=\"elementor-widget-container\">\n\t\t\t\t\t<h3 class=\"elementor-heading-title elementor-size-default\">Justificaci\u00f3n<\/h3>\t\t\t\t<\/div>\n\t\t\t\t<\/div>\n\t\t\t\t<section class=\"elementor-section elementor-inner-section elementor-element elementor-element-4e0d902 elementor-section-boxed elementor-section-height-default elementor-section-height-default\" data-id=\"4e0d902\" data-element_type=\"section\">\n\t\t\t\t\t\t<div class=\"elementor-container elementor-column-gap-default\">\n\t\t\t\t\t<div class=\"elementor-column elementor-col-100 elementor-inner-column elementor-element elementor-element-caa3a04\" data-id=\"caa3a04\" data-element_type=\"column\">\n\t\t\t<div class=\"elementor-widget-wrap elementor-element-populated\">\n\t\t\t\t\t\t<div class=\"elementor-element elementor-element-253c6fc elementor-widget elementor-widget-text-editor\" data-id=\"253c6fc\" data-element_type=\"widget\" data-widget_type=\"text-editor.default\">\n\t\t\t\t<div class=\"elementor-widget-container\">\n\t\t\t\t\t\t\t\t\t<p style=\"text-align: justify;\">La Facultad de Ingenier\u00eda Qu\u00edmica y Textil (en adelante, FIQT) de la Universidad Nacional de Ingenier\u00eda se encuentra comprometida en generar un ambiente laboral saludable, cooperativo y especialmente seguro para salvaguardar la integridad de nuestros estudiantes, docentes, personal administrativo y no administrativo, contratistas, visitantes, y comunidad en general.<\/p>\n<p style=\"text-align: justify;\">Acorde a esta motivaci\u00f3n y en marco de lo establecido por la Ley de Seguridad y salud en el trabajo (Ley N\u00b029783) y su reglamento, la FIQT ha establecido como uno de sus objetivos el promover una cultura de prevenci\u00f3n de riesgos laborales en todas sus instalaciones, actividades acad\u00e9micas y complementarias. En este contexto actualmente se vienen desarrollando actividades de implementaci\u00f3n para cubrir las brechas identificadas en nuestras instalaciones as\u00ed como en las competencias de nuestra comunidad universitaria y resolver de forma sist\u00e9mica los mismos; a partir de un Sistema de gesti\u00f3n de seguridad y salud en el trabajo (SGSST).<\/p>\n<p style=\"text-align: justify;\">Es sumamente importante tener presentes que un Sistema de gesti\u00f3n de seguridad y salud en el trabajo influye directamente en el logro de la renovaci\u00f3n de la Licencia institucional de la Universidad Nacional de Ingenier\u00eda acorde a las actuales exigencias educativas expresadas en las Condiciones B\u00e1sicas de Calidad (SUNEDU) as\u00ed como en, al menos, dos de los est\u00e1ndares establecidos en el Modelo de Acreditaci\u00f3n para programas de estudios de educaci\u00f3n superior universitaria (SINEACE). Asimismo, en el actual proceso de la reacreditaci\u00f3n internacional por la Accreditation Board for Engineering and Technology (ABET) de nuestros programas acad\u00e9micos de Ingenier\u00eda Qu\u00edmica e Ingenier\u00eda Textil, el mantenimiento y seguridad de las instalaciones ser\u00e1n cruciales para demostrar, entre otros aspectos, la excelencia en el desarrollo de todas las actividades acad\u00e9micas.<\/p>\n<p style=\"text-align: justify;\">Dado a los esfuerzos y beneficios que esto implica para la FIQT, se ha optado por engrandecer m\u00e1s aun estas mejoras mediante la implementaci\u00f3n de la norma internacional ISO 45001, la cual busca tambi\u00e9n la mejora de la seguridad y salud en el trabajo, la eliminaci\u00f3n de peligros y minimizar los riesgos. Para ello, nuestro decano de Facultad, MSc. Emerson Alcides Collado Dominguez, a trav\u00e9s del Oficio Circular N\u00b0005-2024-FIQT hace de conocimiento general la Pol\u00edtica del Sistema integrado de gesti\u00f3n de la UNI; siendo este documento en el cual se expresan los compromisos de nuestra Facultad en aras de la Seguridad y salud en el trabajo.<\/p>\t\t\t\t\t\t\t\t<\/div>\n\t\t\t\t<\/div>\n\t\t\t\t<div class=\"elementor-element elementor-element-cfda011 elementor-widget elementor-widget-text-editor\" data-id=\"cfda011\" data-element_type=\"widget\" data-widget_type=\"text-editor.default\">\n\t\t\t\t<div class=\"elementor-widget-container\">\n\t\t\t\t\t\t\t\t\t<p style=\"text-align:justify;\">Es destacable que mediante la consecuci\u00f3n de esta certificaci\u00f3n ISO 45001, aportamos tambi\u00e9n al logro de los objetivos (OEI.05) establecidos en el Plan Estrat\u00e9gico Institucional 2020-2026 y responde, a su vez, al cumplimiento de lo establecido en la Resoluci\u00f3n rectoral N\u00b02026-2018, la cual establece el Reglamento interno de Seguridad y salud en el trabajo de la Universidad Nacional de Ingenier\u00eda (RISST-UNI) por lo que se realza el gran impacto positivo de las acciones que se vienen realizando en nuestra Facultad.&nbsp;<\/p>\n<p style=\"text-align:justify;\">En este sentido, les invitamos a aportar su iniciativa y buena voluntad a fin de lograr juntos este objetivo que galardonar\u00e1 el prestigio de nuestra Facultad frente a nuestra comunidad universitaria y la Sociedad en general. Asimismo, les mostramos algunas de las actividades que se vienen realizando en el marco de la implementaci\u00f3n de esta norma internacional.<\/p>\t\t\t\t\t\t\t\t<\/div>\n\t\t\t\t<\/div>\n\t\t\t\t<div class=\"elementor-element elementor-element-ce23533 elementor-widget elementor-widget-heading\" data-id=\"ce23533\" data-element_type=\"widget\" data-widget_type=\"heading.default\">\n\t\t\t\t<div class=\"elementor-widget-container\">\n\t\t\t\t\t<h4 class=\"elementor-heading-title elementor-size-default\">Taller te\u00f3rico-pr\u00e1ctico: Uso de extintores y Lucha contra incendios<\/h4>\t\t\t\t<\/div>\n\t\t\t\t<\/div>\n\t\t\t\t<div class=\"elementor-element elementor-element-e55ad93 elementor-arrows-position-inside elementor-pagination-position-outside elementor-widget elementor-widget-image-carousel\" data-id=\"e55ad93\" data-element_type=\"widget\" data-settings=\"{&quot;slides_to_show&quot;:&quot;1&quot;,&quot;effect&quot;:&quot;fade&quot;,&quot;navigation&quot;:&quot;both&quot;,&quot;autoplay&quot;:&quot;yes&quot;,&quot;pause_on_hover&quot;:&quot;yes&quot;,&quot;pause_on_interaction&quot;:&quot;yes&quot;,&quot;autoplay_speed&quot;:5000,&quot;infinite&quot;:&quot;yes&quot;,&quot;speed&quot;:500}\" data-widget_type=\"image-carousel.default\">\n\t\t\t\t<div class=\"elementor-widget-container\">\n\t\t\t\t\t\t\t<div class=\"elementor-image-carousel-wrapper swiper\" role=\"region\" aria-roledescription=\"carousel\" aria-label=\"Carrusel de im\u00e1genes\" dir=\"ltr\">\n\t\t\t<div class=\"elementor-image-carousel swiper-wrapper\" aria-live=\"off\">\n\t\t\t\t\t\t\t\t<div class=\"swiper-slide\" role=\"group\" aria-roledescription=\"slide\" aria-label=\"1 de 5\"><figure class=\"swiper-slide-inner\"><img decoding=\"async\" class=\"swiper-slide-image\" src=\"https:\/\/www.fiqt.uni.edu.pe\/wp-content\/uploads\/2024\/05\/WhatsApp-Image-2024-05-03-at-10.50.56-AM-2-scaled.jpeg\" alt=\"WhatsApp Image 2024-05-03 at 10.50.56 AM (2)\" \/><\/figure><\/div><div class=\"swiper-slide\" role=\"group\" aria-roledescription=\"slide\" aria-label=\"2 de 5\"><figure class=\"swiper-slide-inner\"><img decoding=\"async\" class=\"swiper-slide-image\" src=\"https:\/\/www.fiqt.uni.edu.pe\/wp-content\/uploads\/2024\/05\/WhatsApp-Image-2024-05-03-at-10.50.56-AM-1-scaled.jpeg\" alt=\"WhatsApp Image 2024-05-03 at 10.50.56 AM (1)\" \/><\/figure><\/div><div class=\"swiper-slide\" role=\"group\" aria-roledescription=\"slide\" aria-label=\"3 de 5\"><figure class=\"swiper-slide-inner\"><img decoding=\"async\" class=\"swiper-slide-image\" src=\"https:\/\/www.fiqt.uni.edu.pe\/wp-content\/uploads\/2024\/05\/WhatsApp-Image-2024-05-03-at-10.50.56-AM-scaled.jpeg\" alt=\"WhatsApp Image 2024-05-03 at 10.50.56 AM\" \/><\/figure><\/div><div class=\"swiper-slide\" role=\"group\" aria-roledescription=\"slide\" aria-label=\"4 de 5\"><figure class=\"swiper-slide-inner\"><img decoding=\"async\" class=\"swiper-slide-image\" src=\"https:\/\/www.fiqt.uni.edu.pe\/wp-content\/uploads\/2024\/05\/WhatsApp-Image-2024-05-03-at-10.50.55-AM-scaled.jpeg\" alt=\"WhatsApp Image 2024-05-03 at 10.50.55 AM\" \/><\/figure><\/div><div class=\"swiper-slide\" role=\"group\" aria-roledescription=\"slide\" aria-label=\"5 de 5\"><figure class=\"swiper-slide-inner\"><img decoding=\"async\" class=\"swiper-slide-image\" src=\"https:\/\/www.fiqt.uni.edu.pe\/wp-content\/uploads\/2024\/05\/WhatsApp-Image-2024-05-03-at-10.50.53-AM-scaled.jpeg\" alt=\"WhatsApp Image 2024-05-03 at 10.50.53 AM\" \/><\/figure><\/div>\t\t\t<\/div>\n\t\t\t\t\t\t\t\t\t\t\t\t<div class=\"elementor-swiper-button elementor-swiper-button-prev\" role=\"button\" tabindex=\"0\">\n\t\t\t\t\t\t<i aria-hidden=\"true\" class=\"eicon-chevron-left\"><\/i>\t\t\t\t\t<\/div>\n\t\t\t\t\t<div class=\"elementor-swiper-button elementor-swiper-button-next\" role=\"button\" tabindex=\"0\">\n\t\t\t\t\t\t<i aria-hidden=\"true\" class=\"eicon-chevron-right\"><\/i>\t\t\t\t\t<\/div>\n\t\t\t\t\n\t\t\t\t\t\t\t\t\t<div class=\"swiper-pagination\"><\/div>\n\t\t\t\t\t\t\t\t\t<\/div>\n\t\t\t\t\t\t<\/div>\n\t\t\t\t<\/div>\n\t\t\t\t\t<\/div>\n\t\t<\/div>\n\t\t\t\t\t<\/div>\n\t\t<\/section>\n\t\t\t\t\t<\/div>\n\t\t<\/div>\n\t\t\t\t<div class=\"elementor-column elementor-col-50 elementor-top-column elementor-element elementor-element-e008d97\" data-id=\"e008d97\" data-element_type=\"column\">\n\t\t\t<div class=\"elementor-widget-wrap elementor-element-populated\">\n\t\t\t\t\t\t<section class=\"elementor-section elementor-inner-section elementor-element elementor-element-9dd740f elementor-section-boxed elementor-section-height-default elementor-section-height-default\" data-id=\"9dd740f\" data-element_type=\"section\">\n\t\t\t\t\t\t<div class=\"elementor-container elementor-column-gap-default\">\n\t\t\t\t\t<div class=\"elementor-column elementor-col-100 elementor-inner-column elementor-element elementor-element-7e9b21e\" data-id=\"7e9b21e\" data-element_type=\"column\" data-settings=\"{&quot;background_background&quot;:&quot;classic&quot;}\">\n\t\t\t<div class=\"elementor-widget-wrap elementor-element-populated\">\n\t\t\t\t\t\t<div class=\"elementor-element elementor-element-b01f4c2 elementor-widget elementor-widget-text-editor\" data-id=\"b01f4c2\" data-element_type=\"widget\" data-widget_type=\"text-editor.default\">\n\t\t\t\t<div class=\"elementor-widget-container\">\n\t\t\t\t\t\t\t\t\t<p><strong>Sistema de Gesti\u00f3n de Seguridad y Salud en el Trabajo<\/strong><\/p><ul><li><a href=\"https:\/\/www.fiqt.uni.edu.pe\/index.php\/iso-45001\/\">Presentaci\u00f3n<\/a><\/li><li><a href=\"https:\/\/www.fiqt.uni.edu.pe\/index.php\/sgsst-justificacion\/\">Justificaci\u00f3n<\/a><\/li><li><a href=\"https:\/\/www.fiqt.uni.edu.pe\/index.php\/sgsst-politica\/\">Pol\u00edtica Integrada<\/a><\/li><li>Oficina de Seguridad<\/li><li>Objetivos SST<\/li><li>Recursos SGSST<\/li><li>Reporte de actos o condiciones inseguras<\/li><li>Brigada ante emergencias<\/li><li>Indicadores SST<\/li><li>Noticias y Eventos<\/li><li>Aula Virtual SIG<\/li><\/ul>\t\t\t\t\t\t\t\t<\/div>\n\t\t\t\t<\/div>\n\t\t\t\t\t<\/div>\n\t\t<\/div>\n\t\t\t\t\t<\/div>\n\t\t<\/section>\n\t\t\t\t\t<\/div>\n\t\t<\/div>\n\t\t\t\t\t<\/div>\n\t\t<\/section>\n\t\t\t\t<\/div>\n\t\t","protected":false},"excerpt":{"rendered":"<p>Sistema de Gesti\u00f3n de Seguridad y Salud en el Trabajo Justificaci\u00f3n SISTEMA DE GESTI\u00d3N DE SEGURIDAD Y SALUD EN EL TRABAJO Justificaci\u00f3n La Facultad de Ingenier\u00eda Qu\u00edmica y Textil (en adelante, FIQT) de la Universidad Nacional de Ingenier\u00eda se encuentra comprometida en generar un ambiente laboral saludable, cooperativo y especialmente seguro para salvaguardar la integridad [&hellip;]<\/p>\n","protected":false},"author":1,"featured_media":0,"parent":0,"menu_order":0,"comment_status":"closed","ping_status":"closed","template":"","meta":{"site-sidebar-layout":"no-sidebar","site-content-layout":"page-builder","ast-site-content-layout":"full-width-container","site-content-style":"unboxed","site-sidebar-style":"unboxed","ast-global-header-display":"","ast-banner-title-visibility":"","ast-main-header-display":"","ast-hfb-above-header-display":"","ast-hfb-below-header-display":"","ast-hfb-mobile-header-display":"","site-post-title":"disabled","ast-breadcrumbs-content":"","ast-featured-img":"disabled","footer-sml-layout":"","theme-transparent-header-meta":"enabled","adv-header-id-meta":"","stick-header-meta":"","header-above-stick-meta":"","header-main-stick-meta":"","header-below-stick-meta":"","astra-migrate-meta-layouts":"set","ast-page-background-enabled":"default","ast-page-background-meta":{"desktop":{"background-color":"","background-image":"","background-repeat":"repeat","background-position":"center center","background-size":"auto","background-attachment":"scroll","background-type":"","background-media":"","overlay-type":"","overlay-color":"","overlay-opacity":"","overlay-gradient":""},"tablet":{"background-color":"","background-image":"","background-repeat":"repeat","background-position":"center center","background-size":"auto","background-attachment":"scroll","background-type":"","background-media":"","overlay-type":"","overlay-color":"","overlay-opacity":"","overlay-gradient":""},"mobile":{"background-color":"","background-image":"","background-repeat":"repeat","background-position":"center center","background-size":"auto","background-attachment":"scroll","background-type":"","background-media":"","overlay-type":"","overlay-color":"","overlay-opacity":"","overlay-gradient":""}},"ast-content-background-meta":{"desktop":{"background-color":"var(--ast-global-color-5)","background-image":"","background-repeat":"repeat","background-position":"center center","background-size":"auto","background-attachment":"scroll","background-type":"","background-media":"","overlay-type":"","overlay-color":"","overlay-opacity":"","overlay-gradient":""},"tablet":{"background-color":"var(--ast-global-color-5)","background-image":"","background-repeat":"repeat","background-position":"center center","background-size":"auto","background-attachment":"scroll","background-type":"","background-media":"","overlay-type":"","overlay-color":"","overlay-opacity":"","overlay-gradient":""},"mobile":{"background-color":"var(--ast-global-color-5)","background-image":"","background-repeat":"repeat","background-position":"center center","background-size":"auto","background-attachment":"scroll","background-type":"","background-media":"","overlay-type":"","overlay-color":"","overlay-opacity":"","overlay-gradient":""}},"footnotes":""},"class_list":["post-6394","page","type-page","status-publish","hentry"],"rttpg_featured_image_url":null,"rttpg_author":{"display_name":"wpadminfiqt","author_link":"https:\/\/www.fiqt.uni.edu.pe\/index.php\/author\/wpadminfiqt\/"},"rttpg_comment":0,"rttpg_category":null,"rttpg_excerpt":"Sistema de Gesti\u00f3n de Seguridad y Salud en el Trabajo Justificaci\u00f3n SISTEMA DE GESTI\u00d3N DE SEGURIDAD Y SALUD EN EL TRABAJO Justificaci\u00f3n La Facultad de Ingenier\u00eda Qu\u00edmica y Textil (en adelante, FIQT) de la Universidad Nacional de Ingenier\u00eda se encuentra comprometida en generar un ambiente laboral saludable, cooperativo y especialmente seguro para salvaguardar la integridad&hellip;","_links":{"self":[{"href":"https:\/\/www.fiqt.uni.edu.pe\/index.php\/wp-json\/wp\/v2\/pages\/6394","targetHints":{"allow":["GET"]}}],"collection":[{"href":"https:\/\/www.fiqt.uni.edu.pe\/index.php\/wp-json\/wp\/v2\/pages"}],"about":[{"href":"https:\/\/www.fiqt.uni.edu.pe\/index.php\/wp-json\/wp\/v2\/types\/page"}],"author":[{"embeddable":true,"href":"https:\/\/www.fiqt.uni.edu.pe\/index.php\/wp-json\/wp\/v2\/users\/1"}],"replies":[{"embeddable":true,"href":"https:\/\/www.fiqt.uni.edu.pe\/index.php\/wp-json\/wp\/v2\/comments?post=6394"}],"version-history":[{"count":7,"href":"https:\/\/www.fiqt.uni.edu.pe\/index.php\/wp-json\/wp\/v2\/pages\/6394\/revisions"}],"predecessor-version":[{"id":6444,"href":"https:\/\/www.fiqt.uni.edu.pe\/index.php\/wp-json\/wp\/v2\/pages\/6394\/revisions\/6444"}],"wp:attachment":[{"href":"https:\/\/www.fiqt.uni.edu.pe\/index.php\/wp-json\/wp\/v2\/media?parent=6394"}],"curies":[{"name":"wp","href":"https:\/\/api.w.org\/{rel}","templated":true}]}}