{"id":6797,"date":"2024-06-13T11:51:33","date_gmt":"2024-06-13T16:51:33","guid":{"rendered":"https:\/\/www.fiqt.uni.edu.pe\/?page_id=6797"},"modified":"2024-06-18T11:51:05","modified_gmt":"2024-06-18T16:51:05","slug":"lab15-proyectos-de-investigacion-formativa","status":"publish","type":"page","link":"https:\/\/www.fiqt.uni.edu.pe\/index.php\/lab15-proyectos-de-investigacion-formativa\/","title":{"rendered":"lab15 Proyectos de Investigaci\u00f3n Formativa"},"content":{"rendered":"\t\t<div data-elementor-type=\"wp-post\" data-elementor-id=\"6797\" class=\"elementor elementor-6797\" data-elementor-post-type=\"page\">\n\t\t\t\t\t\t<section class=\"elementor-section elementor-top-section elementor-element elementor-element-8c39fce elementor-section-content-middle elementor-section-boxed elementor-section-height-default elementor-section-height-default\" data-id=\"8c39fce\" data-element_type=\"section\" data-settings=\"{&quot;background_background&quot;:&quot;classic&quot;}\">\n\t\t\t\t\t\t\t<div class=\"elementor-background-overlay\"><\/div>\n\t\t\t\t\t\t\t<div class=\"elementor-container elementor-column-gap-no\">\n\t\t\t\t\t<div class=\"elementor-column elementor-col-100 elementor-top-column elementor-element elementor-element-3dc4e64\" data-id=\"3dc4e64\" data-element_type=\"column\">\n\t\t\t<div class=\"elementor-widget-wrap\">\n\t\t\t\t\t\t\t<\/div>\n\t\t<\/div>\n\t\t\t\t\t<\/div>\n\t\t<\/section>\n\t\t\t\t<section class=\"elementor-section elementor-top-section elementor-element elementor-element-kbdptvi elementor-section-boxed elementor-section-height-default elementor-section-height-default\" data-id=\"kbdptvi\" data-element_type=\"section\" data-settings=\"{&quot;background_background&quot;:&quot;classic&quot;}\">\n\t\t\t\t\t\t<div class=\"elementor-container elementor-column-gap-default\">\n\t\t\t\t\t<div class=\"elementor-column elementor-col-50 elementor-top-column elementor-element elementor-element-be6588b\" data-id=\"be6588b\" data-element_type=\"column\">\n\t\t\t<div class=\"elementor-widget-wrap elementor-element-populated\">\n\t\t\t\t\t\t<div class=\"elementor-element elementor-element-b092819 elementor-widget elementor-widget-heading\" data-id=\"b092819\" data-element_type=\"widget\" data-widget_type=\"heading.default\">\n\t\t\t\t<div class=\"elementor-widget-container\">\n\t\t\t\t\t<h3 class=\"elementor-heading-title elementor-size-default\">LABORATORIO N\u00b0 15<\/h3>\t\t\t\t<\/div>\n\t\t\t\t<\/div>\n\t\t\t\t<div class=\"elementor-element elementor-element-5537085 elementor-widget-divider--view-line elementor-widget elementor-widget-divider\" data-id=\"5537085\" data-element_type=\"widget\" data-widget_type=\"divider.default\">\n\t\t\t\t<div class=\"elementor-widget-container\">\n\t\t\t\t\t\t\t<div class=\"elementor-divider\">\n\t\t\t<span class=\"elementor-divider-separator\">\n\t\t\t\t\t\t<\/span>\n\t\t<\/div>\n\t\t\t\t\t\t<\/div>\n\t\t\t\t<\/div>\n\t\t\t\t<div class=\"elementor-element elementor-element-c86d9ca elementor-widget elementor-widget-heading\" data-id=\"c86d9ca\" data-element_type=\"widget\" data-widget_type=\"heading.default\">\n\t\t\t\t<div class=\"elementor-widget-container\">\n\t\t\t\t\t<h3 class=\"elementor-heading-title elementor-size-default\">Proyectos de Investigaci\u00f3n Formativa<\/h3>\t\t\t\t<\/div>\n\t\t\t\t<\/div>\n\t\t\t\t<section class=\"elementor-section elementor-inner-section elementor-element elementor-element-c2071df elementor-section-boxed elementor-section-height-default elementor-section-height-default\" data-id=\"c2071df\" data-element_type=\"section\">\n\t\t\t\t\t\t<div class=\"elementor-container elementor-column-gap-default\">\n\t\t\t\t\t<div class=\"elementor-column elementor-col-100 elementor-inner-column elementor-element elementor-element-c5cd23d\" data-id=\"c5cd23d\" data-element_type=\"column\">\n\t\t\t<div class=\"elementor-widget-wrap elementor-element-populated\">\n\t\t\t\t\t\t<div class=\"elementor-element elementor-element-07d1913 elementor-widget elementor-widget-text-editor\" data-id=\"07d1913\" data-element_type=\"widget\" data-widget_type=\"text-editor.default\">\n\t\t\t\t<div class=\"elementor-widget-container\">\n\t\t\t\t\t\t\t\t\t<p style=\"text-align: center;\"><strong>Como proyecto de investigaci\u00f3n formativa tenemos:<\/strong><\/p>\t\t\t\t\t\t\t\t<\/div>\n\t\t\t\t<\/div>\n\t\t\t\t<div class=\"elementor-element elementor-element-8099fe7 elementor-widget elementor-widget-text-editor\" data-id=\"8099fe7\" data-element_type=\"widget\" data-widget_type=\"text-editor.default\">\n\t\t\t\t<div class=\"elementor-widget-container\">\n\t\t\t\t\t\t\t\t\t<ul><li>Fabricaci\u00f3n de pilas<\/li><li>Construcci\u00f3n de celdas solares<\/li><li>Dise\u00f1o de electrodos de plata<\/li><li>Construcci\u00f3n de espectroscopio simple<\/li><li>Plantas de lechuga hidrop\u00f3nica<\/li><li>Dise\u00f1o de bomba de vac\u00edo<\/li><li>Fabricaci\u00f3n de jab\u00f3n l\u00edquido<\/li><li>fabricaci\u00f3n de l\u00edquido refrigerante<\/li><li>Fabricaci\u00f3n de pl\u00e1sticos biodegradables<\/li><li>Elaboraci\u00f3n de mermeladas de Fruta.<\/li><li>Elaboraci\u00f3n de limpia vidrios.<\/li><\/ul>\t\t\t\t\t\t\t\t<\/div>\n\t\t\t\t<\/div>\n\t\t\t\t\t<\/div>\n\t\t<\/div>\n\t\t\t\t\t<\/div>\n\t\t<\/section>\n\t\t\t\t\t<\/div>\n\t\t<\/div>\n\t\t\t\t<div class=\"elementor-column elementor-col-50 elementor-top-column elementor-element elementor-element-f5e2664\" data-id=\"f5e2664\" data-element_type=\"column\">\n\t\t\t<div class=\"elementor-widget-wrap elementor-element-populated\">\n\t\t\t\t\t\t<section class=\"elementor-section elementor-inner-section elementor-element elementor-element-fb9b5a1 elementor-section-boxed elementor-section-height-default elementor-section-height-default\" data-id=\"fb9b5a1\" data-element_type=\"section\">\n\t\t\t\t\t\t<div class=\"elementor-container elementor-column-gap-default\">\n\t\t\t\t\t<div class=\"elementor-column elementor-col-100 elementor-inner-column elementor-element elementor-element-c225abc\" data-id=\"c225abc\" data-element_type=\"column\" data-settings=\"{&quot;background_background&quot;:&quot;classic&quot;}\">\n\t\t\t<div class=\"elementor-widget-wrap elementor-element-populated\">\n\t\t\t\t\t\t<div class=\"elementor-element elementor-element-7eb1568 elementor-widget elementor-widget-heading\" data-id=\"7eb1568\" data-element_type=\"widget\" data-widget_type=\"heading.default\">\n\t\t\t\t<div class=\"elementor-widget-container\">\n\t\t\t\t\t<h4 class=\"elementor-heading-title elementor-size-default\">Laboratorio N\u00b0 15 - Qu\u00edmica General<\/h4>\t\t\t\t<\/div>\n\t\t\t\t<\/div>\n\t\t\t\t<div class=\"elementor-element elementor-element-4fba17e eael_simple_menu_hamburger_disable_selected_menu_no eael-simple-menu-hamburger-align-right eael-hamburger--tablet elementor-widget elementor-widget-eael-simple-menu\" data-id=\"4fba17e\" data-element_type=\"widget\" data-widget_type=\"eael-simple-menu.default\">\n\t\t\t\t<div class=\"elementor-widget-container\">\n\t\t\t\t\t<style>\n                        @media screen and (max-width: 1024px) {\n                            .eael-hamburger--tablet {\n                                .eael-simple-menu-horizontal,\n                                .eael-simple-menu-vertical {\n                                    display: none;\n                                }\n                            }\n                            .eael-hamburger--tablet {\n                                .eael-simple-menu-container .eael-simple-menu-toggle {\n                                    display: block;\n                                }\n                            }\n                        }\n                    <\/style>            <div data-hamburger-icon=\"&lt;i aria-hidden=&quot;true&quot; class=&quot;fas fa-bars&quot;&gt;&lt;\/i&gt;\" data-indicator-icon=\"&lt;i aria-hidden=&quot;true&quot; class=&quot;fas fa-angle-down&quot;&gt;&lt;\/i&gt;\" data-dropdown-indicator-icon=\"&lt;i class=&quot;fas fa-angle-down&quot;&gt;&lt;\/i&gt;\" class=\"eael-simple-menu-container eael-simple-menu-align-left eael-simple-menu-dropdown-align-left preset-1\" data-hamburger-breakpoints=\"{&quot;mobile&quot;:&quot;M\\u00f3vil vertical (&gt; 767px)&quot;,&quot;tablet&quot;:&quot;Tableta vertical (&gt; 1024px)&quot;,&quot;desktop&quot;:&quot;Desktop (&gt; 2400px)&quot;,&quot;none&quot;:&quot;None&quot;}\" data-hamburger-device=\"tablet\">\n                <ul id=\"menu-lab15_pag\" class=\"eael-simple-menu eael-simple-menu-dropdown-animate-to-top eael-simple-menu-indicator eael-simple-menu-vertical\"><li id=\"menu-item-6885\" class=\"menu-item menu-item-type-post_type menu-item-object-page menu-item-6885\"><a href=\"https:\/\/www.fiqt.uni.edu.pe\/index.php\/lab-n-15\/\" class=\"menu-link\">Presentaci\u00f3n<\/a><\/li>\n<li id=\"menu-item-6884\" class=\"menu-item menu-item-type-post_type menu-item-object-page menu-item-6884\"><a href=\"https:\/\/www.fiqt.uni.edu.pe\/index.php\/lab15-mision-vision\/\" class=\"menu-link\">Mision y Vision<\/a><\/li>\n<li id=\"menu-item-6882\" class=\"menu-item menu-item-type-post_type menu-item-object-page menu-item-6882\"><a href=\"https:\/\/www.fiqt.uni.edu.pe\/index.php\/lab15-reglamento\/\" class=\"menu-link\">Reglamento<\/a><\/li>\n<li id=\"menu-item-6883\" class=\"menu-item menu-item-type-post_type menu-item-object-page menu-item-6883\"><a href=\"https:\/\/www.fiqt.uni.edu.pe\/index.php\/lab15-proyectos-de-investigacion-formativa\/\" class=\"menu-link\">Proyectos de Investigaci\u00f3n Formativa<\/a><\/li>\n<\/ul>                <button class=\"eael-simple-menu-toggle\">\n                    <span class=\"sr-only \">Hamburger Toggle Menu<\/span>\n                    <i aria-hidden=\"true\" class=\"fas fa-bars\"><\/i>                <\/button>\n            <\/div>\n            \t\t\t\t<\/div>\n\t\t\t\t<\/div>\n\t\t\t\t\t<\/div>\n\t\t<\/div>\n\t\t\t\t\t<\/div>\n\t\t<\/section>\n\t\t\t\t\t<\/div>\n\t\t<\/div>\n\t\t\t\t\t<\/div>\n\t\t<\/section>\n\t\t\t\t<section class=\"elementor-section elementor-top-section elementor-element elementor-element-db048ca elementor-section-boxed elementor-section-height-default elementor-section-height-default\" data-id=\"db048ca\" data-element_type=\"section\" data-settings=\"{&quot;background_background&quot;:&quot;classic&quot;}\">\n\t\t\t\t\t\t\t<div class=\"elementor-background-overlay\"><\/div>\n\t\t\t\t\t\t\t<div class=\"elementor-container elementor-column-gap-no\">\n\t\t\t\t\t<div class=\"elementor-column elementor-col-100 elementor-top-column elementor-element elementor-element-df081da\" data-id=\"df081da\" data-element_type=\"column\" data-settings=\"{&quot;background_background&quot;:&quot;classic&quot;}\">\n\t\t\t<div class=\"elementor-widget-wrap elementor-element-populated\">\n\t\t\t\t\t\t<div class=\"elementor-element elementor-element-fc97d1f elementor-widget-divider--view-line elementor-widget elementor-widget-divider\" data-id=\"fc97d1f\" data-element_type=\"widget\" data-widget_type=\"divider.default\">\n\t\t\t\t<div class=\"elementor-widget-container\">\n\t\t\t\t\t\t\t<div class=\"elementor-divider\">\n\t\t\t<span class=\"elementor-divider-separator\">\n\t\t\t\t\t\t<\/span>\n\t\t<\/div>\n\t\t\t\t\t\t<\/div>\n\t\t\t\t<\/div>\n\t\t\t\t<div class=\"elementor-element elementor-element-a020b70 elementor-widget elementor-widget-heading\" data-id=\"a020b70\" data-element_type=\"widget\" data-widget_type=\"heading.default\">\n\t\t\t\t<div class=\"elementor-widget-container\">\n\t\t\t\t\t<h2 class=\"elementor-heading-title elementor-size-default\">Galer\u00eda de Fotos<\/h2>\t\t\t\t<\/div>\n\t\t\t\t<\/div>\n\t\t\t\t\t<\/div>\n\t\t<\/div>\n\t\t\t\t\t<\/div>\n\t\t<\/section>\n\t\t\t\t<section class=\"elementor-section elementor-top-section elementor-element elementor-element-e96826c elementor-section-boxed elementor-section-height-default elementor-section-height-default\" data-id=\"e96826c\" data-element_type=\"section\">\n\t\t\t\t\t\t<div class=\"elementor-container elementor-column-gap-default\">\n\t\t\t\t\t<div class=\"elementor-column elementor-col-100 elementor-top-column elementor-element elementor-element-3bba0a7\" data-id=\"3bba0a7\" data-element_type=\"column\">\n\t\t\t<div class=\"elementor-widget-wrap elementor-element-populated\">\n\t\t\t\t\t\t<div class=\"elementor-element elementor-element-0cfc45b elementor-widget elementor-widget-shortcode\" data-id=\"0cfc45b\" data-element_type=\"widget\" data-widget_type=\"shortcode.default\">\n\t\t\t\t<div class=\"elementor-widget-container\">\n\t\t\t\t\t\t\t<div class=\"elementor-shortcode\"><\/div>\n\t\t\t\t\t\t<\/div>\n\t\t\t\t<\/div>\n\t\t\t\t\t<\/div>\n\t\t<\/div>\n\t\t\t\t\t<\/div>\n\t\t<\/section>\n\t\t\t\t<\/div>\n\t\t","protected":false},"excerpt":{"rendered":"<p>LABORATORIO N\u00b0 15 Proyectos de Investigaci\u00f3n Formativa Como proyecto de investigaci\u00f3n formativa tenemos: Fabricaci\u00f3n de pilas Construcci\u00f3n de celdas solares Dise\u00f1o de electrodos de plata Construcci\u00f3n de espectroscopio simple Plantas de lechuga hidrop\u00f3nica Dise\u00f1o de bomba de vac\u00edo Fabricaci\u00f3n de jab\u00f3n l\u00edquido fabricaci\u00f3n de l\u00edquido refrigerante Fabricaci\u00f3n de pl\u00e1sticos biodegradables Elaboraci\u00f3n de mermeladas de Fruta. [&hellip;]<\/p>\n","protected":false},"author":1,"featured_media":0,"parent":0,"menu_order":0,"comment_status":"closed","ping_status":"closed","template":"","meta":{"site-sidebar-layout":"no-sidebar","site-content-layout":"page-builder","ast-site-content-layout":"full-width-container","site-content-style":"unboxed","site-sidebar-style":"unboxed","ast-global-header-display":"","ast-banner-title-visibility":"","ast-main-header-display":"","ast-hfb-above-header-display":"","ast-hfb-below-header-display":"","ast-hfb-mobile-header-display":"","site-post-title":"disabled","ast-breadcrumbs-content":"","ast-featured-img":"disabled","footer-sml-layout":"","theme-transparent-header-meta":"enabled","adv-header-id-meta":"","stick-header-meta":"","header-above-stick-meta":"","header-main-stick-meta":"","header-below-stick-meta":"","astra-migrate-meta-layouts":"set","ast-page-background-enabled":"default","ast-page-background-meta":{"desktop":{"background-color":"","background-image":"","background-repeat":"repeat","background-position":"center center","background-size":"auto","background-attachment":"scroll","background-type":"","background-media":"","overlay-type":"","overlay-color":"","overlay-opacity":"","overlay-gradient":""},"tablet":{"background-color":"","background-image":"","background-repeat":"repeat","background-position":"center center","background-size":"auto","background-attachment":"scroll","background-type":"","background-media":"","overlay-type":"","overlay-color":"","overlay-opacity":"","overlay-gradient":""},"mobile":{"background-color":"","background-image":"","background-repeat":"repeat","background-position":"center center","background-size":"auto","background-attachment":"scroll","background-type":"","background-media":"","overlay-type":"","overlay-color":"","overlay-opacity":"","overlay-gradient":""}},"ast-content-background-meta":{"desktop":{"background-color":"var(--ast-global-color-5)","background-image":"","background-repeat":"repeat","background-position":"center center","background-size":"auto","background-attachment":"scroll","background-type":"","background-media":"","overlay-type":"","overlay-color":"","overlay-opacity":"","overlay-gradient":""},"tablet":{"background-color":"var(--ast-global-color-5)","background-image":"","background-repeat":"repeat","background-position":"center center","background-size":"auto","background-attachment":"scroll","background-type":"","background-media":"","overlay-type":"","overlay-color":"","overlay-opacity":"","overlay-gradient":""},"mobile":{"background-color":"var(--ast-global-color-5)","background-image":"","background-repeat":"repeat","background-position":"center center","background-size":"auto","background-attachment":"scroll","background-type":"","background-media":"","overlay-type":"","overlay-color":"","overlay-opacity":"","overlay-gradient":""}},"footnotes":""},"class_list":["post-6797","page","type-page","status-publish","hentry"],"rttpg_featured_image_url":null,"rttpg_author":{"display_name":"wpadminfiqt","author_link":"https:\/\/www.fiqt.uni.edu.pe\/index.php\/author\/wpadminfiqt\/"},"rttpg_comment":0,"rttpg_category":null,"rttpg_excerpt":"LABORATORIO N\u00b0 15 Proyectos de Investigaci\u00f3n Formativa Como proyecto de investigaci\u00f3n formativa tenemos: Fabricaci\u00f3n de pilas Construcci\u00f3n de celdas solares Dise\u00f1o de electrodos de plata Construcci\u00f3n de espectroscopio simple Plantas de lechuga hidrop\u00f3nica Dise\u00f1o de bomba de vac\u00edo Fabricaci\u00f3n de jab\u00f3n l\u00edquido fabricaci\u00f3n de l\u00edquido refrigerante Fabricaci\u00f3n de pl\u00e1sticos biodegradables Elaboraci\u00f3n de mermeladas de Fruta.&hellip;","_links":{"self":[{"href":"https:\/\/www.fiqt.uni.edu.pe\/index.php\/wp-json\/wp\/v2\/pages\/6797","targetHints":{"allow":["GET"]}}],"collection":[{"href":"https:\/\/www.fiqt.uni.edu.pe\/index.php\/wp-json\/wp\/v2\/pages"}],"about":[{"href":"https:\/\/www.fiqt.uni.edu.pe\/index.php\/wp-json\/wp\/v2\/types\/page"}],"author":[{"embeddable":true,"href":"https:\/\/www.fiqt.uni.edu.pe\/index.php\/wp-json\/wp\/v2\/users\/1"}],"replies":[{"embeddable":true,"href":"https:\/\/www.fiqt.uni.edu.pe\/index.php\/wp-json\/wp\/v2\/comments?post=6797"}],"version-history":[{"count":13,"href":"https:\/\/www.fiqt.uni.edu.pe\/index.php\/wp-json\/wp\/v2\/pages\/6797\/revisions"}],"predecessor-version":[{"id":6897,"href":"https:\/\/www.fiqt.uni.edu.pe\/index.php\/wp-json\/wp\/v2\/pages\/6797\/revisions\/6897"}],"wp:attachment":[{"href":"https:\/\/www.fiqt.uni.edu.pe\/index.php\/wp-json\/wp\/v2\/media?parent=6797"}],"curies":[{"name":"wp","href":"https:\/\/api.w.org\/{rel}","templated":true}]}}